{"id":83,"date":"2025-01-19T19:04:00","date_gmt":"2025-01-19T12:04:00","guid":{"rendered":"https:\/\/v7bet.mobi\/?page_id=83"},"modified":"2025-01-19T20:44:00","modified_gmt":"2025-01-19T13:44:00","slug":"chinh-sach-bao-mat","status":"publish","type":"page","link":"https:\/\/v7bet.mobi\/index.php\/chinh-sach-bao-mat\/","title":{"rendered":"Ch\u00ednh S\u00e1ch B\u1ea3o M\u1eadt \u2013 B\u1ea3o V\u1ec7 Th\u00f4ng Tin Vi\u00ean V7bet"},"content":{"rendered":"<h1 style=\"text-align: center;\"><strong>Ch\u00ednh S\u00e1ch B\u1ea3o M\u1eadt \u2013 B\u1ea3o V\u1ec7 Th\u00f4ng Tin Vi\u00ean V7bet<\/strong><\/h1>\n<p><strong><a href=\"https:\/\/v7bet.mobi\/index.php\/chinh-sach-bao-mat\/\">Ch\u00ednh s\u00e1ch b\u1ea3o m\u1eadt<\/a><\/strong> l\u00e0 m\u1ed9t y\u1ebfu t\u1ed1 c\u1ef1c k\u1ef3 quan tr\u1ecdng gi\u00fap ng\u01b0\u1eddi ch\u01a1i c\u1ea3m th\u1ea5y an t\u00e2m khi l\u1ef1a ch\u1ecdn V7BET. N\u1ec1n t\u1ea3ng \u0111\u00e3 thi\u1ebft l\u1eadp nh\u1eefng quy \u0111\u1ecbnh minh b\u1ea1ch nh\u1eb1m b\u1ea3o v\u1ec7 th\u00f4ng tin c\u00e1 nh\u00e2n c\u1ee7a ng\u01b0\u1eddi d\u00f9ng. Do \u0111\u00f3, game th\u1ee7 c\u00f3 th\u1ec3 ho\u00e0n to\u00e0n y\u00ean t\u00e2m khi tham gia tr\u1ea3i nghi\u1ec7m t\u1ea1i \u0111\u00e2y. H\u00e3y c\u00f9ng V7BET t\u00ecm hi\u1ec3u th\u00eam v\u1ec1 c\u00e1c bi\u1ec7n ph\u00e1p b\u1ea3o m\u1eadt m\u1edbi nh\u1ea5t trong b\u00e0i vi\u1ebft d\u01b0\u1edbi \u0111\u00e2y!<\/p>\n<h2><strong>Th\u00f4ng Tin V\u1ec1 Ch\u00ednh S\u00e1ch B\u1ea3o M\u1eadt C\u1ee7a V7BET<\/strong><\/h2>\n<p>Ch\u00ednh s\u00e1ch b\u1ea3o m\u1eadt t\u1ea1i V7BET \u0111\u01b0\u1ee3c x\u00e2y d\u1ef1ng \u0111\u1ec3 b\u1ea3o v\u1ec7 an to\u00e0n cho d\u1eef li\u1ec7u c\u00e1 nh\u00e2n c\u1ee7a ng\u01b0\u1eddi ch\u01a1i. \u0110\u00e2y l\u00e0 ti\u00eau ch\u00ed quan tr\u1ecdng h\u00e0ng \u0111\u1ea7u khi ch\u1ecdn l\u1ef1a m\u1ed9t n\u1ec1n t\u1ea3ng gi\u1ea3i tr\u00ed \u0111\u00e1ng tin c\u1eady. Ng\u01b0\u1eddi d\u00f9ng tham gia c\u00e1 c\u01b0\u1ee3c t\u1ea1i V7BET lu\u00f4n \u0111\u01b0\u1ee3c \u0111\u1ea3m b\u1ea3o v\u1ec1 m\u1ee9c \u0111\u1ed9 b\u1ea3o m\u1eadt cao, gi\u1ea3m thi\u1ec3u r\u1ee7i ro v\u00e0 \u0111\u1ea3m b\u1ea3o quy\u1ec1n l\u1ee3i.<\/p>\n<p>V7BET lu\u00f4n c\u1eadp nh\u1eadt ch\u00ednh s\u00e1ch b\u1ea3o m\u1eadt \u0111\u1ec3 t\u1ed1i \u01b0u h\u00f3a quy\u1ec1n l\u1ee3i c\u1ee7a kh\u00e1ch h\u00e0ng. C\u00e1c quy \u0111\u1ecbnh n\u00e0y \u0111\u01b0\u1ee3c c\u00f4ng khai tr\u00ean trang web ch\u00ednh th\u1ee9c c\u1ee7a nh\u00e0 c\u00e1i v\u00e0 ng\u01b0\u1eddi ch\u01a1i c\u1ea7n tu\u00e2n th\u1ee7 khi s\u1eed d\u1ee5ng c\u00e1c d\u1ecbch v\u1ee5 c\u1ee7a V7BET.<\/p>\n<figure id=\"attachment_87\" aria-describedby=\"caption-attachment-87\" style=\"width: 800px\" class=\"wp-caption aligncenter\"><img loading=\"lazy\" decoding=\"async\" class=\"size-full wp-image-87\" src=\"https:\/\/v7bet.mobi\/wp-content\/uploads\/2025\/01\/chinh-sach-bao-mat-kubet-background.jpg\" alt=\"Th\u00f4ng tin chi ti\u1ebft v\u1ec1 ch\u00ednh s\u00e1ch b\u1ea3o m\u1eadt V7bet\" width=\"800\" height=\"400\" srcset=\"https:\/\/v7bet.mobi\/wp-content\/uploads\/2025\/01\/chinh-sach-bao-mat-kubet-background.jpg 800w, https:\/\/v7bet.mobi\/wp-content\/uploads\/2025\/01\/chinh-sach-bao-mat-kubet-background-300x150.jpg 300w, https:\/\/v7bet.mobi\/wp-content\/uploads\/2025\/01\/chinh-sach-bao-mat-kubet-background-768x384.jpg 768w\" sizes=\"auto, (max-width: 800px) 100vw, 800px\" \/><figcaption id=\"caption-attachment-87\" class=\"wp-caption-text\">Th\u00f4ng tin chi ti\u1ebft v\u1ec1 ch\u00ednh s\u00e1ch b\u1ea3o m\u1eadt V7bet<\/figcaption><\/figure>\n<h2><strong>T\u1ea1i Sao V7BET C\u1ea7n C\u00f3 Ch\u00ednh S\u00e1ch B\u1ea3o M\u1eadt?<\/strong><\/h2>\n<p>Ch\u00ednh s\u00e1ch b\u1ea3o m\u1eadt kh\u00f4ng ch\u1ec9 l\u00e0 y\u1ebfu t\u1ed1 quan tr\u1ecdng \u0111\u1ec3 b\u1ea3o v\u1ec7 th\u00f4ng tin c\u00e1 nh\u00e2n m\u00e0 c\u00f2n g\u00f3p ph\u1ea7n gi\u1eef v\u1eefng ni\u1ec1m tin v\u00e0 s\u1ef1 trung th\u00e0nh t\u1eeb kh\u00e1ch h\u00e0ng.<\/p>\n<h3><strong>B\u1ea3o V\u1ec7 Th\u00f4ng Tin C\u00e1 Nh\u00e2n<\/strong><\/h3>\n<p>Ch\u00ednh s\u00e1ch b\u1ea3o m\u1eadt V7BET gi\u1ed1ng nh\u01b0 l\u1edbp b\u1ea3o v\u1ec7 v\u1eefng ch\u1eafc, gi\u1eef cho th\u00f4ng tin c\u00e1 nh\u00e2n c\u1ee7a ng\u01b0\u1eddi ch\u01a1i an to\u00e0n tr\u01b0\u1edbc c\u00e1c m\u1ed1i \u0111e d\u1ecda x\u00e2m nh\u1eadp v\u00e0 r\u00f2 r\u1ec9 d\u1eef li\u1ec7u. \u0110i\u1ec1u n\u00e0y gi\u00fap h\u1ea1n ch\u1ebf nguy c\u01a1 m\u1ea5t m\u00e1t th\u00f4ng tin v\u00e0 ng\u0103n ng\u1eeba c\u00e1c cu\u1ed9c t\u1ea5n c\u00f4ng m\u1ea1ng c\u0169ng nh\u01b0 h\u00e0nh vi gian l\u1eadn.<\/p>\n<h3><strong>Gi\u1ea3m Thi\u1ec3u R\u1ee7i Ro<\/strong><\/h3>\n<p>Ch\u00ednh s\u00e1ch b\u1ea3o m\u1eadt \u0111\u00f3ng vai tr\u00f2 quan tr\u1ecdng trong vi\u1ec7c gi\u1ea3m thi\u1ec3u c\u00e1c r\u1ee7i ro li\u00ean quan \u0111\u1ebfn vi\u1ec7c \u0111\u00e1nh c\u1eafp d\u1eef li\u1ec7u, x\u00e2m ph\u1ea1m t\u00e0i kho\u1ea3n ho\u1eb7c s\u1eed d\u1ee5ng th\u00f4ng tin sai m\u1ee5c \u0111\u00edch. Nh\u1edd \u0111\u00f3, ng\u01b0\u1eddi ch\u01a1i \u0111\u01b0\u1ee3c b\u1ea3o v\u1ec7 kh\u1ecfi thi\u1ec7t h\u1ea1i t\u00e0i ch\u00ednh v\u00e0 tinh th\u1ea7n, t\u1ea1o ra m\u00f4i tr\u01b0\u1eddng c\u00e1 c\u01b0\u1ee3c an to\u00e0n cho t\u1ea5t c\u1ea3 m\u1ecdi ng\u01b0\u1eddi.<\/p>\n<figure id=\"attachment_85\" aria-describedby=\"caption-attachment-85\" style=\"width: 800px\" class=\"wp-caption aligncenter\"><img loading=\"lazy\" decoding=\"async\" class=\"size-full wp-image-85\" src=\"https:\/\/v7bet.mobi\/wp-content\/uploads\/2025\/01\/20200824_90sbpZn6eRGWiJgoggoNZIgh.jpg\" alt=\"\u0110\u1ea3m b\u1ea3o an to\u00e0n cho m\u1ecdi th\u00f4ng tin c\u1ee7a kh\u00e1ch h\u00e0ng\" width=\"800\" height=\"400\" srcset=\"https:\/\/v7bet.mobi\/wp-content\/uploads\/2025\/01\/20200824_90sbpZn6eRGWiJgoggoNZIgh.jpg 800w, https:\/\/v7bet.mobi\/wp-content\/uploads\/2025\/01\/20200824_90sbpZn6eRGWiJgoggoNZIgh-300x150.jpg 300w, https:\/\/v7bet.mobi\/wp-content\/uploads\/2025\/01\/20200824_90sbpZn6eRGWiJgoggoNZIgh-768x384.jpg 768w\" sizes=\"auto, (max-width: 800px) 100vw, 800px\" \/><figcaption id=\"caption-attachment-85\" class=\"wp-caption-text\">\u0110\u1ea3m b\u1ea3o an to\u00e0n cho m\u1ecdi th\u00f4ng tin c\u1ee7a kh\u00e1ch h\u00e0ng<\/figcaption><\/figure>\n<h2><strong>T\u1ed5ng H\u1ee3p C\u00e1c Ch\u00ednh S\u00e1ch B\u1ea3o M\u1eadt C\u1ee7a V7BET<\/strong><\/h2>\n<p>V7BET thi\u1ebft l\u1eadp c\u00e1c ch\u00ednh s\u00e1ch b\u1ea3o m\u1eadt \u0111\u1ec3 b\u1ea3o v\u1ec7 quy\u1ec1n ri\u00eang t\u01b0 v\u00e0 d\u1eef li\u1ec7u c\u1ee7a ng\u01b0\u1eddi ch\u01a1i. D\u01b0\u1edbi \u0111\u00e2y l\u00e0 th\u00f4ng tin chi ti\u1ebft v\u1ec1 c\u00e1c quy \u0111\u1ecbnh b\u1ea3o m\u1eadt hi\u1ec7n t\u1ea1i:<\/p>\n<h3><strong>Quy \u0110\u1ecbnh Thu Th\u1eadp Th\u00f4ng Tin<\/strong><\/h3>\n<p>Khi tham gia V7BET, ng\u01b0\u1eddi d\u00f9ng s\u1ebd \u0111\u01b0\u1ee3c y\u00eau c\u1ea7u cung c\u1ea5p c\u00e1c th\u00f4ng tin sau:<\/p>\n<ul>\n<li><strong>D\u1eef li\u1ec7u c\u00e1 nh\u00e2n:<\/strong> Bao g\u1ed3m s\u1ed1 \u0111i\u1ec7n tho\u1ea1i, m\u1eadt kh\u1ea9u, h\u1ecd t\u00ean, ng\u00e2n h\u00e0ng, ng\u00e0y sinh, \u0111\u1ecba ch\u1ec9 email v\u00e0 nh\u1eefng th\u00f4ng tin c\u00e1 nh\u00e2n kh\u00e1c ph\u1ee5c v\u1ee5 cho vi\u1ec7c t\u1ea1o t\u00e0i kho\u1ea3n.<\/li>\n<li><strong>Th\u00f4ng tin v\u1ec1 thi\u1ebft b\u1ecb:<\/strong> Bao g\u1ed3m l\u01b0u l\u01b0\u1ee3ng truy c\u1eadp, v\u1ecb tr\u00ed \u0111\u1ecba l\u00fd, ng\u00f4n ng\u1eef c\u00e0i \u0111\u1eb7t, th\u1eddi gian \u0111\u0103ng nh\u1eadp v\u00e0 c\u00e1c th\u00f4ng tin li\u00ean quan \u0111\u1ebfn thi\u1ebft b\u1ecb ng\u01b0\u1eddi d\u00f9ng.<\/li>\n<li><strong>N\u1ed9i dung giao d\u1ecbch:<\/strong> S\u1ed1 ti\u1ec1n n\u1ea1p\/r\u00fat, m\u00e3 giao d\u1ecbch, ph\u01b0\u01a1ng th\u1ee9c thanh to\u00e1n, s\u1ed1 t\u00e0i kho\u1ea3n v\u00e0 th\u1eddi gian th\u1ef1c hi\u1ec7n giao d\u1ecbch.<\/li>\n<\/ul>\n<h3><strong>Quy\u1ec1n S\u1eed D\u1ee5ng D\u1eef Li\u1ec7u<\/strong><\/h3>\n<p>V7BET cam k\u1ebft ch\u1ec9 s\u1eed d\u1ee5ng th\u00f4ng tin c\u00e1 nh\u00e2n c\u1ee7a ng\u01b0\u1eddi ch\u01a1i cho c\u00e1c m\u1ee5c \u0111\u00edch sau:<\/p>\n<ul>\n<li><strong>X\u00e1c minh danh t\u00ednh:<\/strong> \u0110\u1ea3m b\u1ea3o kh\u00f4ng x\u1ea3y ra t\u00ecnh tr\u1ea1ng gian l\u1eadn v\u00e0 t\u1ea1o m\u00f4i tr\u01b0\u1eddng gi\u1ea3i tr\u00ed an to\u00e0n.<\/li>\n<li><strong>Quy tr\u00ecnh thanh to\u00e1n:<\/strong> \u0110\u1ea3m b\u1ea3o c\u00e1c giao d\u1ecbch n\u1ea1p\/r\u00fat ti\u1ec1n di\u1ec5n ra nhanh ch\u00f3ng v\u00e0 an to\u00e0n.<\/li>\n<li><strong>C\u1ea3i ti\u1ebfn d\u1ecbch v\u1ee5:<\/strong> N\u1eafm b\u1eaft nhu c\u1ea7u v\u00e0 c\u1ea3i thi\u1ec7n d\u1ecbch v\u1ee5 \u0111\u1ec3 mang \u0111\u1ebfn tr\u1ea3i nghi\u1ec7m t\u1ed1t h\u01a1n cho ng\u01b0\u1eddi ch\u01a1i.<\/li>\n<\/ul>\n<h3><strong>Ch\u00ednh S\u00e1ch B\u1ea3o M\u1eadt V\u1ec1 Quy\u1ec1n Ri\u00eang T\u01b0<\/strong><\/h3>\n<p>V7BET cam k\u1ebft kh\u00f4ng chia s\u1ebb th\u00f4ng tin c\u00e1 nh\u00e2n c\u1ee7a ng\u01b0\u1eddi ch\u01a1i v\u1edbi b\u1ea5t k\u1ef3 b\u00ean th\u1ee9 ba n\u00e0o. T\u1ea5t c\u1ea3 d\u1eef li\u1ec7u c\u1ee7a ng\u01b0\u1eddi d\u00f9ng s\u1ebd \u0111\u01b0\u1ee3c b\u1ea3o m\u1eadt v\u00e0 ch\u1ec9 s\u1eed d\u1ee5ng cho m\u1ee5c \u0111\u00edch n\u1ed9i b\u1ed9. Nh\u00e0 c\u00e1i \u0111\u1ea3m b\u1ea3o quy\u1ec1n ri\u00eang t\u01b0 t\u1ed1i \u0111a cho ng\u01b0\u1eddi ch\u01a1i trong su\u1ed1t qu\u00e1 tr\u00ecnh tham gia c\u00e1 c\u01b0\u1ee3c. N\u1ebfu c\u00f3 tr\u01b0\u1eddng h\u1ee3p th\u00f4ng tin c\u00e1 nh\u00e2n b\u1ecb chia s\u1ebb m\u00e0 kh\u00f4ng c\u00f3 s\u1ef1 \u0111\u1ed3ng \u00fd, V7BET s\u1ebd ch\u1ecbu tr\u00e1ch nhi\u1ec7m ho\u00e0n to\u00e0n.<\/p>\n<figure id=\"attachment_86\" aria-describedby=\"caption-attachment-86\" style=\"width: 800px\" class=\"wp-caption aligncenter\"><img loading=\"lazy\" decoding=\"async\" class=\"size-full wp-image-86\" src=\"https:\/\/v7bet.mobi\/wp-content\/uploads\/2025\/01\/chinh-sach-bao-mat.jpg\" alt=\"Chi ti\u1ebft ch\u00ednh s\u00e1ch b\u1ea3o m\u1eadt t\u1ea1i V7bet\" width=\"800\" height=\"400\" srcset=\"https:\/\/v7bet.mobi\/wp-content\/uploads\/2025\/01\/chinh-sach-bao-mat.jpg 800w, https:\/\/v7bet.mobi\/wp-content\/uploads\/2025\/01\/chinh-sach-bao-mat-300x150.jpg 300w, https:\/\/v7bet.mobi\/wp-content\/uploads\/2025\/01\/chinh-sach-bao-mat-768x384.jpg 768w\" sizes=\"auto, (max-width: 800px) 100vw, 800px\" \/><figcaption id=\"caption-attachment-86\" class=\"wp-caption-text\">Chi ti\u1ebft ch\u00ednh s\u00e1ch b\u1ea3o m\u1eadt t\u1ea1i V7bet<\/figcaption><\/figure>\n<h2><strong>K\u1ebft Lu\u1eadn<\/strong><\/h2>\n<p>V\u1edbi ch\u00ednh s\u00e1ch b\u1ea3o m\u1eadt nghi\u00eam ng\u1eb7t v\u00e0 c\u00e1c quy \u0111\u1ecbnh b\u1ea3o v\u1ec7 th\u00f4ng tin c\u00e1 nh\u00e2n r\u00f5 r\u00e0ng, V7BET cam k\u1ebft mang l\u1ea1i m\u1ed9t m\u00f4i tr\u01b0\u1eddng c\u00e1 c\u01b0\u1ee3c an to\u00e0n v\u00e0 \u0111\u00e1ng tin c\u1eady. Hy v\u1ecdng r\u1eb1ng nh\u1eefng chia s\u1ebb tr\u00ean s\u1ebd gi\u00fap ng\u01b0\u1eddi ch\u01a1i hi\u1ec3u r\u00f5 h\u01a1n v\u1ec1 c\u00e1c bi\u1ec7n ph\u00e1p b\u1ea3o v\u1ec7 d\u1eef li\u1ec7u <strong><a href=\"https:\/\/v7bet.mobi\/\">t\u1ea1i V7BET<\/a><\/strong>.<\/p>\n<blockquote><p><em>Xem th\u00eam: <strong><a href=\"https:\/\/v7bet.mobi\/index.php\/dieu-khoan-su-dung-v7bet\/\">\u0110i\u1ec1u Kho\u1ea3n S\u1eed D\u1ee5ng<\/a><\/strong> \u2013 Quy T\u1eafc C\u1ea7n N\u1eafm Khi Tham Gia V7BET<\/em><\/p><\/blockquote>\n","protected":false},"excerpt":{"rendered":"<p>Ch\u00ednh S\u00e1ch B\u1ea3o M\u1eadt \u2013 B\u1ea3o V\u1ec7 Th\u00f4ng Tin Vi\u00ean V7bet Ch\u00ednh s\u00e1ch b\u1ea3o m\u1eadt l\u00e0 m\u1ed9t y\u1ebfu t\u1ed1 c\u1ef1c k\u1ef3 quan tr\u1ecdng gi\u00fap ng\u01b0\u1eddi ch\u01a1i c\u1ea3m th\u1ea5y an t\u00e2m khi l\u1ef1a ch\u1ecdn V7BET. N\u1ec1n t\u1ea3ng \u0111\u00e3 thi\u1ebft l\u1eadp nh\u1eefng quy \u0111\u1ecbnh minh b\u1ea1ch nh\u1eb1m b\u1ea3o v\u1ec7 th\u00f4ng tin c\u00e1 nh\u00e2n c\u1ee7a ng\u01b0\u1eddi d\u00f9ng. Do [&#8230;]\n","protected":false},"author":1,"featured_media":0,"parent":0,"menu_order":0,"comment_status":"closed","ping_status":"closed","template":"","meta":{"footnotes":""},"class_list":["post-83","page","type-page","status-publish","hentry"],"rankMath":{"parentDomain":"v7bet.mobi","noFollowDomains":[],"noFollowExcludeDomains":[],"noFollowExternalLinks":false,"featuredImageNotice":"H\u00ecnh \u1ea3nh n\u1ed5i b\u1eadt n\u00ean c\u00f3 k\u00edch th\u01b0\u1edbc \u00edt nh\u1ea5t 200 x 200 pixel \u0111\u1ec3 \u0111\u01b0\u1ee3c Facebook v\u00e0 c\u00e1c trang m\u1ea1ng x\u00e3 h\u1ed9i kh\u00e1c ch\u1ecdn.","pluginReviewed":false,"postSettings":{"linkSuggestions":true,"useFocusKeyword":false},"frontEndScore":false,"postName":"chinh-sach-bao-mat","permalinkFormat":"https:\/\/v7bet.mobi\/index.php\/%pagename%\/","showLockModifiedDate":true,"assessor":{"focusKeywordLink":"https:\/\/v7bet.mobi\/wp-admin\/edit.php?focus_keyword=%focus_keyword%&post_type=%post_type%","hasTOCPlugin":false,"primaryTaxonomy":false,"serpData":{"title":"Ch\u00ednh S\u00e1ch B\u1ea3o M\u1eadt \u2013 B\u1ea3o V\u1ec7 Th\u00f4ng Tin Vi\u00ean V7bet","description":"","focusKeywords":"ch\u00ednh s\u00e1ch b\u1ea3o m\u1eadt","pillarContent":false,"canonicalUrl":"","breadcrumbTitle":"","advancedRobots":[],"facebookTitle":"","facebookDescription":"","facebookImage":"","facebookImageID":"","facebookHasOverlay":false,"facebookImageOverlay":"","facebookAuthor":"","twitterCardType":"","twitterUseFacebook":true,"twitterTitle":"","twitterDescription":"","twitterImage":"","twitterImageID":"","twitterHasOverlay":false,"twitterImageOverlay":"","twitterPlayerUrl":"","twitterPlayerSize":"","twitterPlayerStream":"","twitterPlayerStreamCtype":"","twitterAppDescription":"","twitterAppIphoneName":"","twitterAppIphoneID":"","twitterAppIphoneUrl":"","twitterAppIpadName":"","twitterAppIpadID":"","twitterAppIpadUrl":"","twitterAppGoogleplayName":"","twitterAppGoogleplayID":"","twitterAppGoogleplayUrl":"","twitterAppCountry":"","robots":{"index":true},"twitterAuthor":"t\u00ean ng\u01b0\u1eddi d\u00f9ng","primaryTerm":0,"authorName":"admin","titleTemplate":"%title% %sep% %sitename%","descriptionTemplate":"%excerpt%","showScoreFrontend":true,"lockModifiedDate":false},"powerWords":[],"diacritics":{"A":"[\\u0041\\u24B6\\uFF21\\u00C0\\u00C1\\u00C2\\u1EA6\\u1EA4\\u1EAA\\u1EA8\\u00C3\\u0100\\u0102\\u1EB0\\u1EAE\\u1EB4\\u1EB2\\u0226\\u01E0\\u00C4\\u01DE\\u1EA2\\u00C5\\u01FA\\u01CD\\u0200\\u0202\\u1EA0\\u1EAC\\u1EB6\\u1E00\\u0104\\u023A\\u2C6F]","AA":"[\\uA732]","AE":"[\\u00C6\\u01FC\\u01E2]","AO":"[\\uA734]","AU":"[\\uA736]","AV":"[\\uA738\\uA73A]","AY":"[\\uA73C]","B":"[\\u0042\\u24B7\\uFF22\\u1E02\\u1E04\\u1E06\\u0243\\u0182\\u0181]","C":"[\\u0043\\u24B8\\uFF23\\u0106\\u0108\\u010A\\u010C\\u00C7\\u1E08\\u0187\\u023B\\uA73E]","D":"[\\u0044\\u24B9\\uFF24\\u1E0A\\u010E\\u1E0C\\u1E10\\u1E12\\u1E0E\\u0110\\u018B\\u018A\\u0189\\uA779]","DZ":"[\\u01F1\\u01C4]","Dz":"[\\u01F2\\u01C5]","E":"[\\u0045\\u24BA\\uFF25\\u00C8\\u00C9\\u00CA\\u1EC0\\u1EBE\\u1EC4\\u1EC2\\u1EBC\\u0112\\u1E14\\u1E16\\u0114\\u0116\\u00CB\\u1EBA\\u011A\\u0204\\u0206\\u1EB8\\u1EC6\\u0228\\u1E1C\\u0118\\u1E18\\u1E1A\\u0190\\u018E]","F":"[\\u0046\\u24BB\\uFF26\\u1E1E\\u0191\\uA77B]","G":"[\\u0047\\u24BC\\uFF27\\u01F4\\u011C\\u1E20\\u011E\\u0120\\u01E6\\u0122\\u01E4\\u0193\\uA7A0\\uA77D\\uA77E]","H":"[\\u0048\\u24BD\\uFF28\\u0124\\u1E22\\u1E26\\u021E\\u1E24\\u1E28\\u1E2A\\u0126\\u2C67\\u2C75\\uA78D]","I":"[\\u0049\\u24BE\\uFF29\\u00CC\\u00CD\\u00CE\\u0128\\u012A\\u012C\\u0130\\u00CF\\u1E2E\\u1EC8\\u01CF\\u0208\\u020A\\u1ECA\\u012E\\u1E2C\\u0197]","J":"[\\u004A\\u24BF\\uFF2A\\u0134\\u0248]","K":"[\\u004B\\u24C0\\uFF2B\\u1E30\\u01E8\\u1E32\\u0136\\u1E34\\u0198\\u2C69\\uA740\\uA742\\uA744\\uA7A2]","L":"[\\u004C\\u24C1\\uFF2C\\u013F\\u0139\\u013D\\u1E36\\u1E38\\u013B\\u1E3C\\u1E3A\\u0141\\u023D\\u2C62\\u2C60\\uA748\\uA746\\uA780]","LJ":"[\\u01C7]","Lj":"[\\u01C8]","M":"[\\u004D\\u24C2\\uFF2D\\u1E3E\\u1E40\\u1E42\\u2C6E\\u019C]","N":"[\\u004E\\u24C3\\uFF2E\\u01F8\\u0143\\u00D1\\u1E44\\u0147\\u1E46\\u0145\\u1E4A\\u1E48\\u0220\\u019D\\uA790\\uA7A4]","NJ":"[\\u01CA]","Nj":"[\\u01CB]","O":"[\\u004F\\u24C4\\uFF2F\\u00D2\\u00D3\\u00D4\\u1ED2\\u1ED0\\u1ED6\\u1ED4\\u00D5\\u1E4C\\u022C\\u1E4E\\u014C\\u1E50\\u1E52\\u014E\\u022E\\u0230\\u00D6\\u022A\\u1ECE\\u0150\\u01D1\\u020C\\u020E\\u01A0\\u1EDC\\u1EDA\\u1EE0\\u1EDE\\u1EE2\\u1ECC\\u1ED8\\u01EA\\u01EC\\u00D8\\u01FE\\u0186\\u019F\\uA74A\\uA74C]","OI":"[\\u01A2]","OO":"[\\uA74E]","OU":"[\\u0222]","P":"[\\u0050\\u24C5\\uFF30\\u1E54\\u1E56\\u01A4\\u2C63\\uA750\\uA752\\uA754]","Q":"[\\u0051\\u24C6\\uFF31\\uA756\\uA758\\u024A]","R":"[\\u0052\\u24C7\\uFF32\\u0154\\u1E58\\u0158\\u0210\\u0212\\u1E5A\\u1E5C\\u0156\\u1E5E\\u024C\\u2C64\\uA75A\\uA7A6\\uA782]","S":"[\\u0053\\u24C8\\uFF33\\u1E9E\\u015A\\u1E64\\u015C\\u1E60\\u0160\\u1E66\\u1E62\\u1E68\\u0218\\u015E\\u2C7E\\uA7A8\\uA784]","T":"[\\u0054\\u24C9\\uFF34\\u1E6A\\u0164\\u1E6C\\u021A\\u0162\\u1E70\\u1E6E\\u0166\\u01AC\\u01AE\\u023E\\uA786]","TZ":"[\\uA728]","U":"[\\u0055\\u24CA\\uFF35\\u00D9\\u00DA\\u00DB\\u0168\\u1E78\\u016A\\u1E7A\\u016C\\u00DC\\u01DB\\u01D7\\u01D5\\u01D9\\u1EE6\\u016E\\u0170\\u01D3\\u0214\\u0216\\u01AF\\u1EEA\\u1EE8\\u1EEE\\u1EEC\\u1EF0\\u1EE4\\u1E72\\u0172\\u1E76\\u1E74\\u0244]","V":"[\\u0056\\u24CB\\uFF36\\u1E7C\\u1E7E\\u01B2\\uA75E\\u0245]","VY":"[\\uA760]","W":"[\\u0057\\u24CC\\uFF37\\u1E80\\u1E82\\u0174\\u1E86\\u1E84\\u1E88\\u2C72]","X":"[\\u0058\\u24CD\\uFF38\\u1E8A\\u1E8C]","Y":"[\\u0059\\u24CE\\uFF39\\u1EF2\\u00DD\\u0176\\u1EF8\\u0232\\u1E8E\\u0178\\u1EF6\\u1EF4\\u01B3\\u024E\\u1EFE]","Z":"[\\u005A\\u24CF\\uFF3A\\u0179\\u1E90\\u017B\\u017D\\u1E92\\u1E94\\u01B5\\u0224\\u2C7F\\u2C6B\\uA762]","a":"[\\u0061\\u24D0\\uFF41\\u1E9A\\u00E0\\u00E1\\u00E2\\u1EA7\\u1EA5\\u1EAB\\u1EA9\\u00E3\\u0101\\u0103\\u1EB1\\u1EAF\\u1EB5\\u1EB3\\u0227\\u01E1\\u00E4\\u01DF\\u1EA3\\u00E5\\u01FB\\u01CE\\u0201\\u0203\\u1EA1\\u1EAD\\u1EB7\\u1E01\\u0105\\u2C65\\u0250]","aa":"[\\uA733]","ae":"[\\u00E6\\u01FD\\u01E3]","ao":"[\\uA735]","au":"[\\uA737]","av":"[\\uA739\\uA73B]","ay":"[\\uA73D]","b":"[\\u0062\\u24D1\\uFF42\\u1E03\\u1E05\\u1E07\\u0180\\u0183\\u0253]","c":"[\\u0063\\u24D2\\uFF43\\u0107\\u0109\\u010B\\u010D\\u00E7\\u1E09\\u0188\\u023C\\uA73F\\u2184]","d":"[\\u0064\\u24D3\\uFF44\\u1E0B\\u010F\\u1E0D\\u1E11\\u1E13\\u1E0F\\u0111\\u018C\\u0256\\u0257\\uA77A]","dz":"[\\u01F3\\u01C6]","e":"[\\u0065\\u24D4\\uFF45\\u00E8\\u00E9\\u00EA\\u1EC1\\u1EBF\\u1EC5\\u1EC3\\u1EBD\\u0113\\u1E15\\u1E17\\u0115\\u0117\\u00EB\\u1EBB\\u011B\\u0205\\u0207\\u1EB9\\u1EC7\\u0229\\u1E1D\\u0119\\u1E19\\u1E1B\\u0247\\u025B\\u01DD]","f":"[\\u0066\\u24D5\\uFF46\\u1E1F\\u0192\\uA77C]","g":"[\\u0067\\u24D6\\uFF47\\u01F5\\u011D\\u1E21\\u011F\\u0121\\u01E7\\u0123\\u01E5\\u0260\\uA7A1\\u1D79\\uA77F]","h":"[\\u0068\\u24D7\\uFF48\\u0125\\u1E23\\u1E27\\u021F\\u1E25\\u1E29\\u1E2B\\u1E96\\u0127\\u2C68\\u2C76\\u0265]","hv":"[\\u0195]","i":"[\\u0069\\u24D8\\uFF49\\u00EC\\u00ED\\u00EE\\u0129\\u012B\\u012D\\u00EF\\u1E2F\\u1EC9\\u01D0\\u0209\\u020B\\u1ECB\\u012F\\u1E2D\\u0268\\u0131]","j":"[\\u006A\\u24D9\\uFF4A\\u0135\\u01F0\\u0249]","k":"[\\u006B\\u24DA\\uFF4B\\u1E31\\u01E9\\u1E33\\u0137\\u1E35\\u0199\\u2C6A\\uA741\\uA743\\uA745\\uA7A3]","l":"[\\u006C\\u24DB\\uFF4C\\u0140\\u013A\\u013E\\u1E37\\u1E39\\u013C\\u1E3D\\u1E3B\\u017F\\u0142\\u019A\\u026B\\u2C61\\uA749\\uA781\\uA747]","lj":"[\\u01C9]","m":"[\\u006D\\u24DC\\uFF4D\\u1E3F\\u1E41\\u1E43\\u0271\\u026F]","n":"[\\u006E\\u24DD\\uFF4E\\u01F9\\u0144\\u00F1\\u1E45\\u0148\\u1E47\\u0146\\u1E4B\\u1E49\\u019E\\u0272\\u0149\\uA791\\uA7A5]","nj":"[\\u01CC]","o":"[\\u006F\\u24DE\\uFF4F\\u00F2\\u00F3\\u00F4\\u1ED3\\u1ED1\\u1ED7\\u1ED5\\u00F5\\u1E4D\\u022D\\u1E4F\\u014D\\u1E51\\u1E53\\u014F\\u022F\\u0231\\u00F6\\u022B\\u1ECF\\u0151\\u01D2\\u020D\\u020F\\u01A1\\u1EDD\\u1EDB\\u1EE1\\u1EDF\\u1EE3\\u1ECD\\u1ED9\\u01EB\\u01ED\\u00F8\\u01FF\\u0254\\uA74B\\uA74D\\u0275]","oi":"[\\u01A3]","ou":"[\\u0223]","oo":"[\\uA74F]","p":"[\\u0070\\u24DF\\uFF50\\u1E55\\u1E57\\u01A5\\u1D7D\\uA751\\uA753\\uA755]","q":"[\\u0071\\u24E0\\uFF51\\u024B\\uA757\\uA759]","r":"[\\u0072\\u24E1\\uFF52\\u0155\\u1E59\\u0159\\u0211\\u0213\\u1E5B\\u1E5D\\u0157\\u1E5F\\u024D\\u027D\\uA75B\\uA7A7\\uA783]","s":"[\\u0073\\u24E2\\uFF53\\u015B\\u1E65\\u015D\\u1E61\\u0161\\u1E67\\u1E63\\u1E69\\u0219\\u015F\\u023F\\uA7A9\\uA785\\u1E9B]","ss":"[\\u00DF]","t":"[\\u0074\\u24E3\\uFF54\\u1E6B\\u1E97\\u0165\\u1E6D\\u021B\\u0163\\u1E71\\u1E6F\\u0167\\u01AD\\u0288\\u2C66\\uA787]","tz":"[\\uA729]","u":"[\\u0075\\u24E4\\uFF55\\u00F9\\u00FA\\u00FB\\u0169\\u1E79\\u016B\\u1E7B\\u016D\\u00FC\\u01DC\\u01D8\\u01D6\\u01DA\\u1EE7\\u016F\\u0171\\u01D4\\u0215\\u0217\\u01B0\\u1EEB\\u1EE9\\u1EEF\\u1EED\\u1EF1\\u1EE5\\u1E73\\u0173\\u1E77\\u1E75\\u0289]","v":"[\\u0076\\u24E5\\uFF56\\u1E7D\\u1E7F\\u028B\\uA75F\\u028C]","vy":"[\\uA761]","w":"[\\u0077\\u24E6\\uFF57\\u1E81\\u1E83\\u0175\\u1E87\\u1E85\\u1E98\\u1E89\\u2C73]","x":"[\\u0078\\u24E7\\uFF58\\u1E8B\\u1E8D]","y":"[\\u0079\\u24E8\\uFF59\\u1EF3\\u00FD\\u0177\\u1EF9\\u0233\\u1E8F\\u00FF\\u1EF7\\u1E99\\u1EF5\\u01B4\\u024F\\u1EFF]","z":"[\\u007A\\u24E9\\uFF5A\\u017A\\u1E91\\u017C\\u017E\\u1E93\\u1E95\\u01B6\\u0225\\u0240\\u2C6C\\uA763]"},"researchesTests":["contentHasTOC","contentHasShortParagraphs","contentHasAssets","keywordInTitle","keywordInMetaDescription","keywordInPermalink","keywordIn10Percent","keywordInContent","keywordInSubheadings","keywordInImageAlt","keywordDensity","keywordNotUsed","lengthContent","lengthPermalink","linksHasInternal","linksHasExternals","linksNotAllExternals","titleStartWithKeyword","titleSentiment","titleHasPowerWords","titleHasNumber","hasContentAI"],"hasRedirection":true,"hasBreadcrumb":false},"homeUrl":"https:\/\/v7bet.mobi","objectID":83,"objectType":"post","locale":"vi","localeFull":"vi","overlayImages":{"play":{"name":"Bi\u1ec3u t\u01b0\u1ee3ng ph\u00e1t","url":"https:\/\/v7bet.mobi\/wp-content\/plugins\/seo-by-rank-math\/assets\/admin\/img\/icon-play.png","path":"\/www\/wwwroot\/v7bet_mobi\/wp-content\/plugins\/seo-by-rank-math\/assets\/admin\/img\/icon-play.png","position":"middle_center"},"gif":{"name":"Bi\u1ec3u t\u01b0\u1ee3ng GIF","url":"https:\/\/v7bet.mobi\/wp-content\/plugins\/seo-by-rank-math\/assets\/admin\/img\/icon-gif.png","path":"\/www\/wwwroot\/v7bet_mobi\/wp-content\/plugins\/seo-by-rank-math\/assets\/admin\/img\/icon-gif.png","position":"middle_center"}},"defautOgImage":"https:\/\/v7bet.mobi\/wp-content\/plugins\/seo-by-rank-math\/assets\/admin\/img\/social-placeholder.jpg","customPermalinks":true,"isUserRegistered":false,"autoSuggestKeywords":false,"connectSiteUrl":"https:\/\/rankmath.com\/auth?site=https%3A%2F%2Fv7bet.mobi&r=https%3A%2F%2Fv7bet.mobi%2Findex.php%2Fwp-json%2Fwp%2Fv2%2Fpages%2F83%3Fnonce%3D5e35de62c4&pro=1","maxTags":100,"trendsIcon":"<svg width=\"100%\" height=\"100%\" viewBox=\"0 0 36 36\" version=\"1.1\" xmlns=\"http:\/\/www.w3.org\/2000\/svg\" xmlns:xlink=\"http:\/\/www.w3.org\/1999\/xlink\" fit=\"\" preserveAspectRatio=\"xMidYMid meet\" focusable=\"false\">\n\t\t<g id=\"Page-1\" stroke=\"none\" stroke-width=\"1\" fill=\"none\" fill-rule=\"evenodd\">\n\t\t\t<g id=\"Trends-Arrow\">\n\t\t\t\t<g id=\"TrendsArrow\">\n\t\t\t\t\t<path d=\"M1.11227159,26.3181534 L10.2875029,17.1429221 L13.7152617,20.5706809 L4.5400304,29.7459122 C4.20518633,30.0807563 3.66229681,30.0807562 3.32745277,29.7459122 L1.11136262,27.529822 C0.776518575,27.194978 0.776518548,26.6520885 1.11136262,26.3172444 L1.11227159,26.3181534 Z\" id=\"Shape\" fill=\"#4285F4\" fill-rule=\"nonzero\"><\/path>\n\t\t\t\t\t<path d=\"M14.3201543,14.3211528 L22.283717,22.2847155 L19.4658829,25.1025495 C19.1310388,25.4373936 18.5881494,25.4373937 18.2533053,25.1025495 L10.2906516,17.1398959 L13.1084857,14.3220618 C13.4429747,13.987572 13.9851638,13.9871653 14.3201543,14.3211528 Z\" id=\"Shape\" fill=\"#EA4335\" fill-rule=\"nonzero\"><\/path>\n\t\t\t\t\t<polygon id=\"Rectangle-path\" fill=\"#FABB05\" fill-rule=\"nonzero\" points=\"18.8573051 18.8577571 28.2843236 9.43073862 31.7120824 12.8584974 22.2850639 22.2855159\"><\/polygon>\n\t\t\t\t\t<path d=\"M35.0711567,15.5054713 L35.0711567,7 L35.0711567,7 C35.0711567,6.44771525 34.6234415,6 34.0711567,6 L25.5656854,6 L25.5656854,6 C25.0134007,6 24.5656854,6.44771525 24.5656854,7 C24.5656854,7.26521649 24.6710423,7.5195704 24.8585786,7.70710678 L33.3640499,16.2125781 L33.3640499,16.2125781 C33.7545742,16.6031024 34.3877392,16.6031024 34.7782635,16.2125781 C34.9657999,16.0250417 35.0711567,15.7706878 35.0711567,15.5054713 Z\" id=\"Shape\" fill=\"#34A853\" fill-rule=\"nonzero\"><\/path>\n\t\t\t\t\t<rect id=\"Rectangle-path\" x=\"0\" y=\"0\" width=\"36\" height=\"36\"><\/rect>\n\t\t\t\t<\/g>\n\t\t\t<\/g>\n\t\t<\/g>\n\t<\/svg>","showScore":true,"siteFavIcon":"https:\/\/v7bet.mobi\/wp-content\/uploads\/2025\/01\/cropped-v7-32x32.png","canUser":{"general":false,"advanced":false,"snippet":false,"social":false,"analysis":false,"analytics":false,"content_ai":false},"isPro":true,"is_front_page":false,"trendsUpgradeLink":"https:\/\/v7bet.mobi\/wp-admin\/admin.php?page=rank-math&view=help","trendsUpgradeLabel":"Activate now","trendsPreviewImage":"https:\/\/v7bet.mobi\/wp-content\/plugins\/seo-by-rank-math\/assets\/admin\/img\/trends-preview.jpg","currentEditor":false,"homepageData":{"assessor":{"powerWords":[],"diacritics":true,"researchesTests":["contentHasTOC","contentHasShortParagraphs","contentHasAssets","keywordInTitle","keywordInMetaDescription","keywordInPermalink","keywordIn10Percent","keywordInContent","keywordInSubheadings","keywordInImageAlt","keywordDensity","keywordNotUsed","lengthContent","lengthPermalink","linksHasInternal","linksHasExternals","linksNotAllExternals","titleStartWithKeyword","titleSentiment","titleHasPowerWords","titleHasNumber","hasContentAI"],"hasBreadcrumb":false,"serpData":{"title":"%sitename% %page% %sep% %sitedesc%","description":"","titleTemplate":"%sitename% %page% %sep% %sitedesc%","descriptionTemplate":"","focusKeywords":"","breadcrumbTitle":"Home","robots":{"index":true},"advancedRobots":[],"facebookTitle":"","facebookDescription":"","facebookImage":"","facebookImageID":""}}},"tocTitle":"Table of Contents","tocExcludeHeadings":[],"listStyle":"ul"},"_links":{"self":[{"href":"https:\/\/v7bet.mobi\/index.php\/wp-json\/wp\/v2\/pages\/83","targetHints":{"allow":["GET"]}}],"collection":[{"href":"https:\/\/v7bet.mobi\/index.php\/wp-json\/wp\/v2\/pages"}],"about":[{"href":"https:\/\/v7bet.mobi\/index.php\/wp-json\/wp\/v2\/types\/page"}],"author":[{"embeddable":true,"href":"https:\/\/v7bet.mobi\/index.php\/wp-json\/wp\/v2\/users\/1"}],"replies":[{"embeddable":true,"href":"https:\/\/v7bet.mobi\/index.php\/wp-json\/wp\/v2\/comments?post=83"}],"version-history":[{"count":2,"href":"https:\/\/v7bet.mobi\/index.php\/wp-json\/wp\/v2\/pages\/83\/revisions"}],"predecessor-version":[{"id":114,"href":"https:\/\/v7bet.mobi\/index.php\/wp-json\/wp\/v2\/pages\/83\/revisions\/114"}],"wp:attachment":[{"href":"https:\/\/v7bet.mobi\/index.php\/wp-json\/wp\/v2\/media?parent=83"}],"curies":[{"name":"wp","href":"https:\/\/api.w.org\/{rel}","templated":true}]}}