{"id":79,"date":"2025-01-19T18:54:25","date_gmt":"2025-01-19T11:54:25","guid":{"rendered":"https:\/\/v7bet.mobi\/?page_id=79"},"modified":"2025-01-19T20:43:25","modified_gmt":"2025-01-19T13:43:25","slug":"lien-he-v7bet","status":"publish","type":"page","link":"https:\/\/v7bet.mobi\/index.php\/lien-he-v7bet\/","title":{"rendered":"Li\u00ean H\u1ec7 V7BET \u2013 H\u1ed7 Tr\u1ee3 Nhanh Ch\u00f3ng V\u00e0 T\u1eadn T\u00e2m"},"content":{"rendered":"<h1 style=\"text-align: center;\"><strong>Li\u00ean H\u1ec7 V7BET \u2013 H\u1ed7 Tr\u1ee3 Nhanh Ch\u00f3ng V\u00e0 T\u1eadn T\u00e2m<\/strong><\/h1>\n<p><strong><a href=\"https:\/\/v7bet.mobi\/index.php\/lien-he-v7bet\/\">Li\u00ean h\u1ec7 V7BET<\/a><\/strong> l\u00e0 m\u1ed9t ph\u1ea7n quan tr\u1ecdng trong tr\u1ea3i nghi\u1ec7m c\u00e1 c\u01b0\u1ee3c t\u1ea1i nh\u00e0 c\u00e1i c\u1ee7a ch\u00fang t\u00f4i. Ch\u00fang t\u00f4i cung c\u1ea5p nhi\u1ec1u ph\u01b0\u01a1ng th\u1ee9c li\u00ean l\u1ea1c \u0111\u1ec3 ng\u01b0\u1eddi ch\u01a1i c\u00f3 th\u1ec3 d\u1ec5 d\u00e0ng nh\u1eadn \u0111\u01b0\u1ee3c s\u1ef1 h\u1ed7 tr\u1ee3 t\u1eeb \u0111\u1ed9i ng\u0169 ch\u0103m s\u00f3c kh\u00e1ch h\u00e0ng. H\u00e3y c\u00f9ng kh\u00e1m ph\u00e1 chi ti\u1ebft c\u00e1ch th\u1ee9c li\u00ean h\u1ec7 V7BET trong b\u00e0i vi\u1ebft d\u01b0\u1edbi \u0111\u00e2y.<\/p>\n<h2>Khi n\u00e0o b\u1ea1n c\u1ea7n li\u00ean h\u1ec7 V7BET \u0111\u1ec3 \u0111\u01b0\u1ee3c h\u1ed7 tr\u1ee3?<\/h2>\n<p>D\u01b0\u1edbi \u0111\u00e2y l\u00e0 nh\u1eefng tr\u01b0\u1eddng h\u1ee3p m\u00e0 ng\u01b0\u1eddi ch\u01a1i n\u00ean li\u00ean h\u1ec7 V7BET \u0111\u1ec3 nh\u1eadn s\u1ef1 h\u1ed7 tr\u1ee3 nhanh ch\u00f3ng v\u00e0 hi\u1ec7u qu\u1ea3:<\/p>\n<ul>\n<li>G\u1eb7p kh\u00f3 kh\u0103n khi \u0111\u0103ng nh\u1eadp ho\u1eb7c qu\u00ean m\u1eadt kh\u1ea9u.<\/li>\n<li>V\u1ea5n \u0111\u1ec1 trong vi\u1ec7c n\u1ea1p\/r\u00fat ti\u1ec1n ho\u1eb7c c\u1ea7n ki\u1ec3m tra l\u1ecbch s\u1eed giao d\u1ecbch.<\/li>\n<li>Th\u1eafc m\u1eafc v\u1ec1 \u0111i\u1ec1u ki\u1ec7n tham gia, nh\u1eadn th\u01b0\u1edfng ho\u1eb7c c\u00e1c ch\u01b0\u01a1ng tr\u00ecnh khuy\u1ebfn m\u00e3i.<\/li>\n<li>Tr\u00f2 ch\u01a1i kh\u00f4ng ho\u1ea1t \u0111\u1ed9ng ho\u1eb7c g\u1eb7p s\u1ef1 c\u1ed1 khi truy c\u1eadp v\u00e0o website.<\/li>\n<li>C\u1ea7n t\u01b0 v\u1ea5n v\u1ec1 lu\u1eadt ch\u01a1i, c\u00e1ch \u0111\u1eb7t c\u01b0\u1ee3c ho\u1eb7c chi\u1ebfn thu\u1eadt c\u00e1 c\u01b0\u1ee3c.<\/li>\n<li>Ph\u00e1t hi\u1ec7n t\u00e0i kho\u1ea3n b\u1ecb x\u00e2m nh\u1eadp ho\u1eb7c c\u00f3 v\u1ea5n \u0111\u1ec1 v\u1ec1 an to\u00e0n th\u00f4ng tin.<\/li>\n<\/ul>\n<figure id=\"attachment_81\" aria-describedby=\"caption-attachment-81\" style=\"width: 800px\" class=\"wp-caption aligncenter\"><img loading=\"lazy\" decoding=\"async\" class=\"size-full wp-image-81\" src=\"https:\/\/v7bet.mobi\/wp-content\/uploads\/2025\/01\/lien-he.jpg\" alt=\"Nh\u1eefng tr\u01b0\u1eddng h\u1ee3p c\u1ea7n li\u00ean h\u1ec7 V7bet\" width=\"800\" height=\"400\" srcset=\"https:\/\/v7bet.mobi\/wp-content\/uploads\/2025\/01\/lien-he.jpg 800w, https:\/\/v7bet.mobi\/wp-content\/uploads\/2025\/01\/lien-he-300x150.jpg 300w, https:\/\/v7bet.mobi\/wp-content\/uploads\/2025\/01\/lien-he-768x384.jpg 768w\" sizes=\"auto, (max-width: 800px) 100vw, 800px\" \/><figcaption id=\"caption-attachment-81\" class=\"wp-caption-text\">Nh\u1eefng tr\u01b0\u1eddng h\u1ee3p c\u1ea7n li\u00ean h\u1ec7 V7bet<\/figcaption><\/figure>\n<h2>C\u00e1c ph\u01b0\u01a1ng th\u1ee9c li\u00ean h\u1ec7 V7BET<\/h2>\n<p>N\u1ebfu g\u1eb7p v\u1ea5n \u0111\u1ec1 c\u1ea7n gi\u1ea3i quy\u1ebft, b\u1ea1n c\u00f3 th\u1ec3 li\u00ean h\u1ec7 v\u1edbi V7BET qua c\u00e1c k\u00eanh sau:<\/p>\n<h3><strong>Li\u00ean h\u1ec7 qua khung chat online tr\u00ean website<\/strong><\/h3>\n<p>Khung chat tr\u1ef1c tuy\u1ebfn tr\u00ean website c\u1ee7a V7BET l\u00e0 ph\u01b0\u01a1ng th\u1ee9c li\u00ean l\u1ea1c ph\u1ed5 bi\u1ebfn v\u00e0 ti\u1ec7n l\u1ee3i. Ch\u1ec9 c\u1ea7n truy c\u1eadp v\u00e0o website, khung chat s\u1ebd hi\u1ec3n th\u1ecb ngay tr\u00ean m\u00e0n h\u00ecnh, gi\u00fap b\u1ea1n d\u1ec5 d\u00e0ng g\u1eedi c\u00e2u h\u1ecfi v\u00e0 nh\u1eadn s\u1ef1 ph\u1ea3n h\u1ed3i nhanh ch\u00f3ng t\u1eeb \u0111\u1ed9i ng\u0169 h\u1ed7 tr\u1ee3.<\/p>\n<h3><strong>Li\u00ean h\u1ec7 V7BET qua Zalo<\/strong><\/h3>\n<p>Zalo l\u00e0 m\u1ed9t trong nh\u1eefng \u1ee9ng d\u1ee5ng nh\u1eafn tin ph\u1ed5 bi\u1ebfn t\u1ea1i Vi\u1ec7t Nam v\u00e0 V7BET \u0111\u00e3 t\u00edch h\u1ee3p t\u00ednh n\u0103ng h\u1ed7 tr\u1ee3 qua Zalo. Khi li\u00ean h\u1ec7 qua Zalo, ng\u01b0\u1eddi ch\u01a1i s\u1ebd \u0111\u01b0\u1ee3c \u0111\u1ed9i ng\u0169 t\u01b0 v\u1ea5n vi\u00ean h\u1ed7 tr\u1ee3 nhanh ch\u00f3ng v\u00e0 chuy\u00ean nghi\u1ec7p.<\/p>\n<h3><strong>G\u1ecdi hotline \u0111\u1ec3 \u0111\u01b0\u1ee3c h\u1ed7 tr\u1ee3 nhanh ch\u00f3ng<\/strong><\/h3>\n<p>Khi c\u1ea7n gi\u1ea3i quy\u1ebft v\u1ea5n \u0111\u1ec1 ngay l\u1eadp t\u1ee9c, b\u1ea1n c\u00f3 th\u1ec3 g\u1ecdi \u0111\u1ebfn hotline c\u1ee7a V7BET. Nh\u00e2n vi\u00ean h\u1ed7 tr\u1ee3 s\u1ebd ti\u1ebfp nh\u1eadn y\u00eau c\u1ea7u c\u1ee7a b\u1ea1n v\u00e0 cung c\u1ea5p gi\u1ea3i ph\u00e1p nhanh ch\u00f3ng.<\/p>\n<figure id=\"attachment_80\" aria-describedby=\"caption-attachment-80\" style=\"width: 800px\" class=\"wp-caption aligncenter\"><img loading=\"lazy\" decoding=\"async\" class=\"size-full wp-image-80\" src=\"https:\/\/v7bet.mobi\/wp-content\/uploads\/2025\/01\/lien-he.png\" alt=\"Ph\u01b0\u01a1ng th\u1ee9c li\u00ean h\u1ec7 V7bet\" width=\"800\" height=\"400\" srcset=\"https:\/\/v7bet.mobi\/wp-content\/uploads\/2025\/01\/lien-he.png 800w, https:\/\/v7bet.mobi\/wp-content\/uploads\/2025\/01\/lien-he-300x150.png 300w, https:\/\/v7bet.mobi\/wp-content\/uploads\/2025\/01\/lien-he-768x384.png 768w\" sizes=\"auto, (max-width: 800px) 100vw, 800px\" \/><figcaption id=\"caption-attachment-80\" class=\"wp-caption-text\">Ph\u01b0\u01a1ng th\u1ee9c li\u00ean h\u1ec7 v\u1edbi nh\u00e0 c\u00e1i V7bet<\/figcaption><\/figure>\n<h3><strong>Li\u00ean h\u1ec7 qua Email<\/strong><\/h3>\n<p>Email v\u1eabn l\u00e0 m\u1ed9t ph\u01b0\u01a1ng th\u1ee9c hi\u1ec7u qu\u1ea3 khi b\u1ea1n c\u1ea7n gi\u1ea3i quy\u1ebft c\u00e1c v\u1ea5n \u0111\u1ec1 kh\u00f4ng y\u00eau c\u1ea7u h\u1ed7 tr\u1ee3 ngay l\u1eadp t\u1ee9c. N\u1ebfu b\u1ea1n c\u1ea7n g\u1eedi t\u00e0i li\u1ec7u, h\u00ecnh \u1ea3nh ho\u1eb7c chi ti\u1ebft v\u1ea5n \u0111\u1ec1, vi\u1ec7c li\u00ean h\u1ec7 qua email s\u1ebd gi\u00fap gi\u1ea3i quy\u1ebft m\u1ed9t c\u00e1ch d\u1ec5 d\u00e0ng.<\/p>\n<h2><strong>L\u01b0u \u00fd khi li\u00ean h\u1ec7 V7BET<\/strong><\/h2>\n<p>\u0110\u1ec3 qu\u00e1 tr\u00ecnh h\u1ed7 tr\u1ee3 di\u1ec5n ra su\u00f4n s\u1ebb, ng\u01b0\u1eddi ch\u01a1i n\u00ean l\u01b0u \u00fd m\u1ed9t s\u1ed1 \u0111i\u1ec1u sau:<\/p>\n<ul>\n<li>Cung c\u1ea5p \u0111\u1ea7y \u0111\u1ee7 th\u00f4ng tin v\u1ec1 t\u00e0i kho\u1ea3n v\u00e0 m\u00f4 t\u1ea3 chi ti\u1ebft v\u1ea5n \u0111\u1ec1 b\u1ea1n g\u1eb7p ph\u1ea3i.<\/li>\n<li>\u0110\u1ea3m b\u1ea3o k\u1ebft n\u1ed1i internet \u1ed5n \u0111\u1ecbnh \u0111\u1ec3 tr\u00e1nh gi\u00e1n \u0111o\u1ea1n khi tr\u00f2 chuy\u1ec7n tr\u1ef1c tuy\u1ebfn ho\u1eb7c qua Zalo.<\/li>\n<li>Ghi l\u1ea1i c\u00e1c c\u00e2u h\u1ecfi c\u1ee5 th\u1ec3 tr\u01b0\u1edbc khi g\u1ecdi v\u00e0o hotline \u0111\u1ec3 ti\u1ebft ki\u1ec7m th\u1eddi gian.<\/li>\n<li>Ki\u1ec3m tra h\u1ed9p th\u01b0 email th\u01b0\u1eddng xuy\u00ean \u0111\u1ec3 kh\u00f4ng b\u1ecf l\u1ee1 ph\u1ea3n h\u1ed3i t\u1eeb nh\u00e0 c\u00e1i.<\/li>\n<li>Li\u00ean h\u1ec7 trong gi\u1edd l\u00e0m vi\u1ec7c c\u1ee7a b\u1ed9 ph\u1eadn h\u1ed7 tr\u1ee3 \u0111\u1ec3 nh\u1eadn \u0111\u01b0\u1ee3c ph\u1ea3n h\u1ed3i nhanh ch\u00f3ng.<\/li>\n<\/ul>\n<h2><strong>K\u1ebft lu\u1eadn<\/strong><\/h2>\n<p>Hy v\u1ecdng nh\u1eefng th\u00f4ng tin tr\u00ean s\u1ebd gi\u00fap b\u1ea1n d\u1ec5 d\u00e0ng li\u00ean h\u1ec7 <strong><a href=\"https:\/\/v7bet.mobi\/\">V7BET<\/a><\/strong> v\u00e0 nh\u1eadn \u0111\u01b0\u1ee3c s\u1ef1 h\u1ed7 tr\u1ee3 nhanh ch\u00f3ng. \u0110\u1eebng ng\u1ea7n ng\u1ea1i li\u00ean h\u1ec7 v\u1edbi ch\u00fang t\u00f4i qua c\u00e1c k\u00eanh h\u1ed7 tr\u1ee3 \u0111\u1ec3 c\u00f3 tr\u1ea3i nghi\u1ec7m c\u00e1 c\u01b0\u1ee3c tuy\u1ec7t v\u1eddi h\u01a1n!<\/p>\n<blockquote><p><em>Xem th\u00eam: <strong><a href=\"https:\/\/v7bet.mobi\/index.php\/chinh-sach-bao-mat\/\">Ch\u00ednh S\u00e1ch B\u1ea3o M\u1eadt<\/a><\/strong> \u2013 B\u1ea3o V\u1ec7 Th\u00f4ng Tin Vi\u00ean V7bet<\/em><\/p><\/blockquote>\n","protected":false},"excerpt":{"rendered":"<p>Li\u00ean H\u1ec7 V7BET \u2013 H\u1ed7 Tr\u1ee3 Nhanh Ch\u00f3ng V\u00e0 T\u1eadn T\u00e2m Li\u00ean h\u1ec7 V7BET l\u00e0 m\u1ed9t ph\u1ea7n quan tr\u1ecdng trong tr\u1ea3i nghi\u1ec7m c\u00e1 c\u01b0\u1ee3c t\u1ea1i nh\u00e0 c\u00e1i c\u1ee7a ch\u00fang t\u00f4i. Ch\u00fang t\u00f4i cung c\u1ea5p nhi\u1ec1u ph\u01b0\u01a1ng th\u1ee9c li\u00ean l\u1ea1c \u0111\u1ec3 ng\u01b0\u1eddi ch\u01a1i c\u00f3 th\u1ec3 d\u1ec5 d\u00e0ng nh\u1eadn \u0111\u01b0\u1ee3c s\u1ef1 h\u1ed7 tr\u1ee3 t\u1eeb \u0111\u1ed9i ng\u0169 ch\u0103m [&#8230;]\n","protected":false},"author":1,"featured_media":0,"parent":0,"menu_order":0,"comment_status":"closed","ping_status":"closed","template":"","meta":{"footnotes":""},"class_list":["post-79","page","type-page","status-publish","hentry"],"rankMath":{"parentDomain":"v7bet.mobi","noFollowDomains":[],"noFollowExcludeDomains":[],"noFollowExternalLinks":false,"featuredImageNotice":"H\u00ecnh \u1ea3nh n\u1ed5i b\u1eadt n\u00ean c\u00f3 k\u00edch th\u01b0\u1edbc \u00edt nh\u1ea5t 200 x 200 pixel \u0111\u1ec3 \u0111\u01b0\u1ee3c Facebook v\u00e0 c\u00e1c trang m\u1ea1ng x\u00e3 h\u1ed9i kh\u00e1c ch\u1ecdn.","pluginReviewed":false,"postSettings":{"linkSuggestions":true,"useFocusKeyword":false},"frontEndScore":false,"postName":"lien-he-v7bet","permalinkFormat":"https:\/\/v7bet.mobi\/index.php\/%pagename%\/","showLockModifiedDate":true,"assessor":{"focusKeywordLink":"https:\/\/v7bet.mobi\/wp-admin\/edit.php?focus_keyword=%focus_keyword%&post_type=%post_type%","hasTOCPlugin":false,"primaryTaxonomy":false,"serpData":{"title":"Li\u00ean H\u1ec7 V7BET \u2013 H\u1ed7 Tr\u1ee3 Nhanh Ch\u00f3ng V\u00e0 T\u1eadn T\u00e2m","description":"","focusKeywords":"li\u00ean h\u1ec7 v7bet","pillarContent":false,"canonicalUrl":"","breadcrumbTitle":"","advancedRobots":[],"facebookTitle":"","facebookDescription":"","facebookImage":"","facebookImageID":"","facebookHasOverlay":false,"facebookImageOverlay":"","facebookAuthor":"","twitterCardType":"","twitterUseFacebook":true,"twitterTitle":"","twitterDescription":"","twitterImage":"","twitterImageID":"","twitterHasOverlay":false,"twitterImageOverlay":"","twitterPlayerUrl":"","twitterPlayerSize":"","twitterPlayerStream":"","twitterPlayerStreamCtype":"","twitterAppDescription":"","twitterAppIphoneName":"","twitterAppIphoneID":"","twitterAppIphoneUrl":"","twitterAppIpadName":"","twitterAppIpadID":"","twitterAppIpadUrl":"","twitterAppGoogleplayName":"","twitterAppGoogleplayID":"","twitterAppGoogleplayUrl":"","twitterAppCountry":"","robots":{"index":true},"twitterAuthor":"t\u00ean ng\u01b0\u1eddi d\u00f9ng","primaryTerm":0,"authorName":"admin","titleTemplate":"%title% %sep% %sitename%","descriptionTemplate":"%excerpt%","showScoreFrontend":true,"lockModifiedDate":false},"powerWords":[],"diacritics":{"A":"[\\u0041\\u24B6\\uFF21\\u00C0\\u00C1\\u00C2\\u1EA6\\u1EA4\\u1EAA\\u1EA8\\u00C3\\u0100\\u0102\\u1EB0\\u1EAE\\u1EB4\\u1EB2\\u0226\\u01E0\\u00C4\\u01DE\\u1EA2\\u00C5\\u01FA\\u01CD\\u0200\\u0202\\u1EA0\\u1EAC\\u1EB6\\u1E00\\u0104\\u023A\\u2C6F]","AA":"[\\uA732]","AE":"[\\u00C6\\u01FC\\u01E2]","AO":"[\\uA734]","AU":"[\\uA736]","AV":"[\\uA738\\uA73A]","AY":"[\\uA73C]","B":"[\\u0042\\u24B7\\uFF22\\u1E02\\u1E04\\u1E06\\u0243\\u0182\\u0181]","C":"[\\u0043\\u24B8\\uFF23\\u0106\\u0108\\u010A\\u010C\\u00C7\\u1E08\\u0187\\u023B\\uA73E]","D":"[\\u0044\\u24B9\\uFF24\\u1E0A\\u010E\\u1E0C\\u1E10\\u1E12\\u1E0E\\u0110\\u018B\\u018A\\u0189\\uA779]","DZ":"[\\u01F1\\u01C4]","Dz":"[\\u01F2\\u01C5]","E":"[\\u0045\\u24BA\\uFF25\\u00C8\\u00C9\\u00CA\\u1EC0\\u1EBE\\u1EC4\\u1EC2\\u1EBC\\u0112\\u1E14\\u1E16\\u0114\\u0116\\u00CB\\u1EBA\\u011A\\u0204\\u0206\\u1EB8\\u1EC6\\u0228\\u1E1C\\u0118\\u1E18\\u1E1A\\u0190\\u018E]","F":"[\\u0046\\u24BB\\uFF26\\u1E1E\\u0191\\uA77B]","G":"[\\u0047\\u24BC\\uFF27\\u01F4\\u011C\\u1E20\\u011E\\u0120\\u01E6\\u0122\\u01E4\\u0193\\uA7A0\\uA77D\\uA77E]","H":"[\\u0048\\u24BD\\uFF28\\u0124\\u1E22\\u1E26\\u021E\\u1E24\\u1E28\\u1E2A\\u0126\\u2C67\\u2C75\\uA78D]","I":"[\\u0049\\u24BE\\uFF29\\u00CC\\u00CD\\u00CE\\u0128\\u012A\\u012C\\u0130\\u00CF\\u1E2E\\u1EC8\\u01CF\\u0208\\u020A\\u1ECA\\u012E\\u1E2C\\u0197]","J":"[\\u004A\\u24BF\\uFF2A\\u0134\\u0248]","K":"[\\u004B\\u24C0\\uFF2B\\u1E30\\u01E8\\u1E32\\u0136\\u1E34\\u0198\\u2C69\\uA740\\uA742\\uA744\\uA7A2]","L":"[\\u004C\\u24C1\\uFF2C\\u013F\\u0139\\u013D\\u1E36\\u1E38\\u013B\\u1E3C\\u1E3A\\u0141\\u023D\\u2C62\\u2C60\\uA748\\uA746\\uA780]","LJ":"[\\u01C7]","Lj":"[\\u01C8]","M":"[\\u004D\\u24C2\\uFF2D\\u1E3E\\u1E40\\u1E42\\u2C6E\\u019C]","N":"[\\u004E\\u24C3\\uFF2E\\u01F8\\u0143\\u00D1\\u1E44\\u0147\\u1E46\\u0145\\u1E4A\\u1E48\\u0220\\u019D\\uA790\\uA7A4]","NJ":"[\\u01CA]","Nj":"[\\u01CB]","O":"[\\u004F\\u24C4\\uFF2F\\u00D2\\u00D3\\u00D4\\u1ED2\\u1ED0\\u1ED6\\u1ED4\\u00D5\\u1E4C\\u022C\\u1E4E\\u014C\\u1E50\\u1E52\\u014E\\u022E\\u0230\\u00D6\\u022A\\u1ECE\\u0150\\u01D1\\u020C\\u020E\\u01A0\\u1EDC\\u1EDA\\u1EE0\\u1EDE\\u1EE2\\u1ECC\\u1ED8\\u01EA\\u01EC\\u00D8\\u01FE\\u0186\\u019F\\uA74A\\uA74C]","OI":"[\\u01A2]","OO":"[\\uA74E]","OU":"[\\u0222]","P":"[\\u0050\\u24C5\\uFF30\\u1E54\\u1E56\\u01A4\\u2C63\\uA750\\uA752\\uA754]","Q":"[\\u0051\\u24C6\\uFF31\\uA756\\uA758\\u024A]","R":"[\\u0052\\u24C7\\uFF32\\u0154\\u1E58\\u0158\\u0210\\u0212\\u1E5A\\u1E5C\\u0156\\u1E5E\\u024C\\u2C64\\uA75A\\uA7A6\\uA782]","S":"[\\u0053\\u24C8\\uFF33\\u1E9E\\u015A\\u1E64\\u015C\\u1E60\\u0160\\u1E66\\u1E62\\u1E68\\u0218\\u015E\\u2C7E\\uA7A8\\uA784]","T":"[\\u0054\\u24C9\\uFF34\\u1E6A\\u0164\\u1E6C\\u021A\\u0162\\u1E70\\u1E6E\\u0166\\u01AC\\u01AE\\u023E\\uA786]","TZ":"[\\uA728]","U":"[\\u0055\\u24CA\\uFF35\\u00D9\\u00DA\\u00DB\\u0168\\u1E78\\u016A\\u1E7A\\u016C\\u00DC\\u01DB\\u01D7\\u01D5\\u01D9\\u1EE6\\u016E\\u0170\\u01D3\\u0214\\u0216\\u01AF\\u1EEA\\u1EE8\\u1EEE\\u1EEC\\u1EF0\\u1EE4\\u1E72\\u0172\\u1E76\\u1E74\\u0244]","V":"[\\u0056\\u24CB\\uFF36\\u1E7C\\u1E7E\\u01B2\\uA75E\\u0245]","VY":"[\\uA760]","W":"[\\u0057\\u24CC\\uFF37\\u1E80\\u1E82\\u0174\\u1E86\\u1E84\\u1E88\\u2C72]","X":"[\\u0058\\u24CD\\uFF38\\u1E8A\\u1E8C]","Y":"[\\u0059\\u24CE\\uFF39\\u1EF2\\u00DD\\u0176\\u1EF8\\u0232\\u1E8E\\u0178\\u1EF6\\u1EF4\\u01B3\\u024E\\u1EFE]","Z":"[\\u005A\\u24CF\\uFF3A\\u0179\\u1E90\\u017B\\u017D\\u1E92\\u1E94\\u01B5\\u0224\\u2C7F\\u2C6B\\uA762]","a":"[\\u0061\\u24D0\\uFF41\\u1E9A\\u00E0\\u00E1\\u00E2\\u1EA7\\u1EA5\\u1EAB\\u1EA9\\u00E3\\u0101\\u0103\\u1EB1\\u1EAF\\u1EB5\\u1EB3\\u0227\\u01E1\\u00E4\\u01DF\\u1EA3\\u00E5\\u01FB\\u01CE\\u0201\\u0203\\u1EA1\\u1EAD\\u1EB7\\u1E01\\u0105\\u2C65\\u0250]","aa":"[\\uA733]","ae":"[\\u00E6\\u01FD\\u01E3]","ao":"[\\uA735]","au":"[\\uA737]","av":"[\\uA739\\uA73B]","ay":"[\\uA73D]","b":"[\\u0062\\u24D1\\uFF42\\u1E03\\u1E05\\u1E07\\u0180\\u0183\\u0253]","c":"[\\u0063\\u24D2\\uFF43\\u0107\\u0109\\u010B\\u010D\\u00E7\\u1E09\\u0188\\u023C\\uA73F\\u2184]","d":"[\\u0064\\u24D3\\uFF44\\u1E0B\\u010F\\u1E0D\\u1E11\\u1E13\\u1E0F\\u0111\\u018C\\u0256\\u0257\\uA77A]","dz":"[\\u01F3\\u01C6]","e":"[\\u0065\\u24D4\\uFF45\\u00E8\\u00E9\\u00EA\\u1EC1\\u1EBF\\u1EC5\\u1EC3\\u1EBD\\u0113\\u1E15\\u1E17\\u0115\\u0117\\u00EB\\u1EBB\\u011B\\u0205\\u0207\\u1EB9\\u1EC7\\u0229\\u1E1D\\u0119\\u1E19\\u1E1B\\u0247\\u025B\\u01DD]","f":"[\\u0066\\u24D5\\uFF46\\u1E1F\\u0192\\uA77C]","g":"[\\u0067\\u24D6\\uFF47\\u01F5\\u011D\\u1E21\\u011F\\u0121\\u01E7\\u0123\\u01E5\\u0260\\uA7A1\\u1D79\\uA77F]","h":"[\\u0068\\u24D7\\uFF48\\u0125\\u1E23\\u1E27\\u021F\\u1E25\\u1E29\\u1E2B\\u1E96\\u0127\\u2C68\\u2C76\\u0265]","hv":"[\\u0195]","i":"[\\u0069\\u24D8\\uFF49\\u00EC\\u00ED\\u00EE\\u0129\\u012B\\u012D\\u00EF\\u1E2F\\u1EC9\\u01D0\\u0209\\u020B\\u1ECB\\u012F\\u1E2D\\u0268\\u0131]","j":"[\\u006A\\u24D9\\uFF4A\\u0135\\u01F0\\u0249]","k":"[\\u006B\\u24DA\\uFF4B\\u1E31\\u01E9\\u1E33\\u0137\\u1E35\\u0199\\u2C6A\\uA741\\uA743\\uA745\\uA7A3]","l":"[\\u006C\\u24DB\\uFF4C\\u0140\\u013A\\u013E\\u1E37\\u1E39\\u013C\\u1E3D\\u1E3B\\u017F\\u0142\\u019A\\u026B\\u2C61\\uA749\\uA781\\uA747]","lj":"[\\u01C9]","m":"[\\u006D\\u24DC\\uFF4D\\u1E3F\\u1E41\\u1E43\\u0271\\u026F]","n":"[\\u006E\\u24DD\\uFF4E\\u01F9\\u0144\\u00F1\\u1E45\\u0148\\u1E47\\u0146\\u1E4B\\u1E49\\u019E\\u0272\\u0149\\uA791\\uA7A5]","nj":"[\\u01CC]","o":"[\\u006F\\u24DE\\uFF4F\\u00F2\\u00F3\\u00F4\\u1ED3\\u1ED1\\u1ED7\\u1ED5\\u00F5\\u1E4D\\u022D\\u1E4F\\u014D\\u1E51\\u1E53\\u014F\\u022F\\u0231\\u00F6\\u022B\\u1ECF\\u0151\\u01D2\\u020D\\u020F\\u01A1\\u1EDD\\u1EDB\\u1EE1\\u1EDF\\u1EE3\\u1ECD\\u1ED9\\u01EB\\u01ED\\u00F8\\u01FF\\u0254\\uA74B\\uA74D\\u0275]","oi":"[\\u01A3]","ou":"[\\u0223]","oo":"[\\uA74F]","p":"[\\u0070\\u24DF\\uFF50\\u1E55\\u1E57\\u01A5\\u1D7D\\uA751\\uA753\\uA755]","q":"[\\u0071\\u24E0\\uFF51\\u024B\\uA757\\uA759]","r":"[\\u0072\\u24E1\\uFF52\\u0155\\u1E59\\u0159\\u0211\\u0213\\u1E5B\\u1E5D\\u0157\\u1E5F\\u024D\\u027D\\uA75B\\uA7A7\\uA783]","s":"[\\u0073\\u24E2\\uFF53\\u015B\\u1E65\\u015D\\u1E61\\u0161\\u1E67\\u1E63\\u1E69\\u0219\\u015F\\u023F\\uA7A9\\uA785\\u1E9B]","ss":"[\\u00DF]","t":"[\\u0074\\u24E3\\uFF54\\u1E6B\\u1E97\\u0165\\u1E6D\\u021B\\u0163\\u1E71\\u1E6F\\u0167\\u01AD\\u0288\\u2C66\\uA787]","tz":"[\\uA729]","u":"[\\u0075\\u24E4\\uFF55\\u00F9\\u00FA\\u00FB\\u0169\\u1E79\\u016B\\u1E7B\\u016D\\u00FC\\u01DC\\u01D8\\u01D6\\u01DA\\u1EE7\\u016F\\u0171\\u01D4\\u0215\\u0217\\u01B0\\u1EEB\\u1EE9\\u1EEF\\u1EED\\u1EF1\\u1EE5\\u1E73\\u0173\\u1E77\\u1E75\\u0289]","v":"[\\u0076\\u24E5\\uFF56\\u1E7D\\u1E7F\\u028B\\uA75F\\u028C]","vy":"[\\uA761]","w":"[\\u0077\\u24E6\\uFF57\\u1E81\\u1E83\\u0175\\u1E87\\u1E85\\u1E98\\u1E89\\u2C73]","x":"[\\u0078\\u24E7\\uFF58\\u1E8B\\u1E8D]","y":"[\\u0079\\u24E8\\uFF59\\u1EF3\\u00FD\\u0177\\u1EF9\\u0233\\u1E8F\\u00FF\\u1EF7\\u1E99\\u1EF5\\u01B4\\u024F\\u1EFF]","z":"[\\u007A\\u24E9\\uFF5A\\u017A\\u1E91\\u017C\\u017E\\u1E93\\u1E95\\u01B6\\u0225\\u0240\\u2C6C\\uA763]"},"researchesTests":["contentHasTOC","contentHasShortParagraphs","contentHasAssets","keywordInTitle","keywordInMetaDescription","keywordInPermalink","keywordIn10Percent","keywordInContent","keywordInSubheadings","keywordInImageAlt","keywordDensity","keywordNotUsed","lengthContent","lengthPermalink","linksHasInternal","linksHasExternals","linksNotAllExternals","titleStartWithKeyword","titleSentiment","titleHasPowerWords","titleHasNumber","hasContentAI"],"hasRedirection":true,"hasBreadcrumb":false},"homeUrl":"https:\/\/v7bet.mobi","objectID":79,"objectType":"post","locale":"vi","localeFull":"vi","overlayImages":{"play":{"name":"Bi\u1ec3u t\u01b0\u1ee3ng ph\u00e1t","url":"https:\/\/v7bet.mobi\/wp-content\/plugins\/seo-by-rank-math\/assets\/admin\/img\/icon-play.png","path":"\/www\/wwwroot\/v7bet_mobi\/wp-content\/plugins\/seo-by-rank-math\/assets\/admin\/img\/icon-play.png","position":"middle_center"},"gif":{"name":"Bi\u1ec3u t\u01b0\u1ee3ng GIF","url":"https:\/\/v7bet.mobi\/wp-content\/plugins\/seo-by-rank-math\/assets\/admin\/img\/icon-gif.png","path":"\/www\/wwwroot\/v7bet_mobi\/wp-content\/plugins\/seo-by-rank-math\/assets\/admin\/img\/icon-gif.png","position":"middle_center"}},"defautOgImage":"https:\/\/v7bet.mobi\/wp-content\/plugins\/seo-by-rank-math\/assets\/admin\/img\/social-placeholder.jpg","customPermalinks":true,"isUserRegistered":false,"autoSuggestKeywords":false,"connectSiteUrl":"https:\/\/rankmath.com\/auth?site=https%3A%2F%2Fv7bet.mobi&r=https%3A%2F%2Fv7bet.mobi%2Findex.php%2Fwp-json%2Fwp%2Fv2%2Fpages%2F79%3Fnonce%3D5e35de62c4&pro=1","maxTags":100,"trendsIcon":"<svg width=\"100%\" height=\"100%\" viewBox=\"0 0 36 36\" version=\"1.1\" xmlns=\"http:\/\/www.w3.org\/2000\/svg\" xmlns:xlink=\"http:\/\/www.w3.org\/1999\/xlink\" fit=\"\" preserveAspectRatio=\"xMidYMid meet\" focusable=\"false\">\n\t\t<g id=\"Page-1\" stroke=\"none\" stroke-width=\"1\" fill=\"none\" fill-rule=\"evenodd\">\n\t\t\t<g id=\"Trends-Arrow\">\n\t\t\t\t<g id=\"TrendsArrow\">\n\t\t\t\t\t<path d=\"M1.11227159,26.3181534 L10.2875029,17.1429221 L13.7152617,20.5706809 L4.5400304,29.7459122 C4.20518633,30.0807563 3.66229681,30.0807562 3.32745277,29.7459122 L1.11136262,27.529822 C0.776518575,27.194978 0.776518548,26.6520885 1.11136262,26.3172444 L1.11227159,26.3181534 Z\" id=\"Shape\" fill=\"#4285F4\" fill-rule=\"nonzero\"><\/path>\n\t\t\t\t\t<path d=\"M14.3201543,14.3211528 L22.283717,22.2847155 L19.4658829,25.1025495 C19.1310388,25.4373936 18.5881494,25.4373937 18.2533053,25.1025495 L10.2906516,17.1398959 L13.1084857,14.3220618 C13.4429747,13.987572 13.9851638,13.9871653 14.3201543,14.3211528 Z\" id=\"Shape\" fill=\"#EA4335\" fill-rule=\"nonzero\"><\/path>\n\t\t\t\t\t<polygon id=\"Rectangle-path\" fill=\"#FABB05\" fill-rule=\"nonzero\" points=\"18.8573051 18.8577571 28.2843236 9.43073862 31.7120824 12.8584974 22.2850639 22.2855159\"><\/polygon>\n\t\t\t\t\t<path d=\"M35.0711567,15.5054713 L35.0711567,7 L35.0711567,7 C35.0711567,6.44771525 34.6234415,6 34.0711567,6 L25.5656854,6 L25.5656854,6 C25.0134007,6 24.5656854,6.44771525 24.5656854,7 C24.5656854,7.26521649 24.6710423,7.5195704 24.8585786,7.70710678 L33.3640499,16.2125781 L33.3640499,16.2125781 C33.7545742,16.6031024 34.3877392,16.6031024 34.7782635,16.2125781 C34.9657999,16.0250417 35.0711567,15.7706878 35.0711567,15.5054713 Z\" id=\"Shape\" fill=\"#34A853\" fill-rule=\"nonzero\"><\/path>\n\t\t\t\t\t<rect id=\"Rectangle-path\" x=\"0\" y=\"0\" width=\"36\" height=\"36\"><\/rect>\n\t\t\t\t<\/g>\n\t\t\t<\/g>\n\t\t<\/g>\n\t<\/svg>","showScore":true,"siteFavIcon":"https:\/\/v7bet.mobi\/wp-content\/uploads\/2025\/01\/cropped-v7-32x32.png","canUser":{"general":false,"advanced":false,"snippet":false,"social":false,"analysis":false,"analytics":false,"content_ai":false},"isPro":true,"is_front_page":false,"trendsUpgradeLink":"https:\/\/v7bet.mobi\/wp-admin\/admin.php?page=rank-math&view=help","trendsUpgradeLabel":"Activate now","trendsPreviewImage":"https:\/\/v7bet.mobi\/wp-content\/plugins\/seo-by-rank-math\/assets\/admin\/img\/trends-preview.jpg","currentEditor":false,"homepageData":{"assessor":{"powerWords":[],"diacritics":true,"researchesTests":["contentHasTOC","contentHasShortParagraphs","contentHasAssets","keywordInTitle","keywordInMetaDescription","keywordInPermalink","keywordIn10Percent","keywordInContent","keywordInSubheadings","keywordInImageAlt","keywordDensity","keywordNotUsed","lengthContent","lengthPermalink","linksHasInternal","linksHasExternals","linksNotAllExternals","titleStartWithKeyword","titleSentiment","titleHasPowerWords","titleHasNumber","hasContentAI"],"hasBreadcrumb":false,"serpData":{"title":"%sitename% %page% %sep% %sitedesc%","description":"","titleTemplate":"%sitename% %page% %sep% %sitedesc%","descriptionTemplate":"","focusKeywords":"","breadcrumbTitle":"Home","robots":{"index":true},"advancedRobots":[],"facebookTitle":"","facebookDescription":"","facebookImage":"","facebookImageID":""}}},"tocTitle":"Table of Contents","tocExcludeHeadings":[],"listStyle":"ul"},"_links":{"self":[{"href":"https:\/\/v7bet.mobi\/index.php\/wp-json\/wp\/v2\/pages\/79","targetHints":{"allow":["GET"]}}],"collection":[{"href":"https:\/\/v7bet.mobi\/index.php\/wp-json\/wp\/v2\/pages"}],"about":[{"href":"https:\/\/v7bet.mobi\/index.php\/wp-json\/wp\/v2\/types\/page"}],"author":[{"embeddable":true,"href":"https:\/\/v7bet.mobi\/index.php\/wp-json\/wp\/v2\/users\/1"}],"replies":[{"embeddable":true,"href":"https:\/\/v7bet.mobi\/index.php\/wp-json\/wp\/v2\/comments?post=79"}],"version-history":[{"count":3,"href":"https:\/\/v7bet.mobi\/index.php\/wp-json\/wp\/v2\/pages\/79\/revisions"}],"predecessor-version":[{"id":113,"href":"https:\/\/v7bet.mobi\/index.php\/wp-json\/wp\/v2\/pages\/79\/revisions\/113"}],"wp:attachment":[{"href":"https:\/\/v7bet.mobi\/index.php\/wp-json\/wp\/v2\/media?parent=79"}],"curies":[{"name":"wp","href":"https:\/\/api.w.org\/{rel}","templated":true}]}}