{"id":49,"date":"2025-01-13T22:00:02","date_gmt":"2025-01-13T15:00:02","guid":{"rendered":"https:\/\/v7bet.mobi\/?page_id=49"},"modified":"2026-02-09T23:41:39","modified_gmt":"2026-02-09T16:41:39","slug":"tai-app-v7bet","status":"publish","type":"page","link":"https:\/\/v7bet.mobi\/index.php\/tai-app-v7bet\/","title":{"rendered":"T\u1ea2I APP V7BET D\u00c0NH CHO IOS V\u00c0 ANDROID"},"content":{"rendered":"<h1 style=\"text-align: center;\"><strong>T\u1ea2I APP V7BET D\u00c0NH CHO IOS V\u00c0 ANDROID<\/strong><\/h1>\n<p>Ng\u01b0\u1eddi ch\u01a1i kh\u00e1m ph\u00e1 \u0111a d\u1ea1ng h\u01a1n khi ti\u1ebfn h\u00e0nh t\u1ea3i app V7Bet xu\u1ed1ng cho \u0111i\u1ec7n tho\u1ea1i th\u00f4ng minh c\u1ee7a m\u00ecnh. \u1ee8ng d\u1ee5ng l\u00e0 m\u1ed9t phi\u00ean b\u1ea3n t\u00e1i t\u1ea1o kh\u00f4ng gian \u0111\u1eb7t c\u01b0\u1ee3c chuy\u00ean nghi\u1ec7p v\u00e0 h\u1ea5p d\u1eabn thu\u1eadn ti\u1ec7n h\u01a1n cho kh\u00e1ch h\u00e0ng. H\u00e3y b\u1eaft \u0111\u1ea7u t\u1ea3i ngay th\u00f4ng qua nh\u1eefng h\u01b0\u1edbng d\u1eabn v\u00e0 \u0111\u01b0\u1eddng link ch\u00ednh th\u1ee9c sau \u0111\u00e2y.<\/p>\n<h2 id=\"ftoc-heading-1\" class=\"ftwp-heading\">APP V7BET L\u00c0 G\u00cc?<\/h2>\n<p>Tr\u01b0\u1edbc khi b\u1eaft \u0111\u1ea7u t\u1ea3i app V7Bet nhi\u1ec1u anh em c\u1ea7n bi\u1ebft r\u00f5 \u1ee9ng d\u1ee5ng n\u00e0y l\u00e0 g\u00ec? \u0110\u00e2y l\u00e0 m\u1ed9t phi\u00ean b\u1ea3n app thu\u1ed9c s\u1ef1 ph\u00e1t tri\u1ec3n v\u00e0 ph\u00e1t h\u00e0nh b\u1edfi ch\u00ednh nh\u00e0 c\u00e1i. App cung c\u1ea5p c\u00e1c tr\u00f2 ch\u01a1i \u0111\u1eb7t c\u01b0\u1ee3c tr\u1ef1c tuy\u1ebfn phong ph\u00fa nh\u01b0: th\u1ec3 thao (b\u00f3ng \u0111\u00e1, b\u00f3ng r\u1ed5, b\u00f3ng b\u00e0n,\u2026); casino (sicbo, baccarat, r\u1ed3ng h\u1ed5\u2026). B\u00ean c\u1ea1nh \u0111\u00f3 c\u00f2n c\u00f3 l\u00f4 \u0111\u1ec1, b\u1eafn c\u00e1, slot game 3D, th\u1ec3 thao \u1ea3o \u1ea5n t\u01b0\u1ee3ng kh\u00e1c.<br \/>\n\u1ee8ng d\u1ee5ng t\u01b0\u01a1ng th\u00edch v\u1edbi 2 h\u1ec7 \u0111i\u1ec1u h\u00e0nh ph\u1ed5 th\u00f4ng l\u00e0: iOS v\u00e0 Android gi\u00fap ng\u01b0\u1eddi ch\u01a1i t\u1ea3i nhanh v\u00e0 d\u1ec5 d\u00e0ng. T\u1ea1i \u0111\u00e2y ng\u01b0\u1eddi d\u00f9ng \u0111\u01b0\u1ee3c t\u1eadn h\u01b0\u1edfng m\u1ed9t kh\u00f4ng gian \u0111\u1eb7t c\u01b0\u1ee3c chuy\u00ean nghi\u1ec7p \u0111\u1ea7y h\u1ea5p d\u1eabn v\u1edbi \u0111\u1ea7y \u0111\u1ee7 t\u00ednh n\u0103ng th\u00f4ng b\u00e1o, c\u1eadp nh\u1eadt tin t\u1ee9c m\u1edbi. \u0110\u1ed9 ph\u1ed5 bi\u1ebfn c\u1ee7a app trong l\u0129nh v\u1ef1c c\u00e1 c\u01b0\u1ee3c \u0111\u1ea1t 4.7\/5.<\/p>\n<h2 id=\"ftoc-heading-2\" class=\"ftwp-heading\">C\u00c1CH T\u1ea2I APP V7BET V\u1ec0 \u0110I\u1ec6N THO\u1ea0I NHANH CH\u00d3NG NH\u1ea4T<\/h2>\n<p>T\u1ea3i app V7Bet cho 2 d\u00f2ng h\u1ec7 \u0111i\u1ec1u h\u00e0nh iOS v\u00e0 Android c\u00f3 c\u00e1ch th\u1ee9c t\u01b0\u01a1ng t\u1ef1 nhau. Xem ngay h\u01b0\u1edbng d\u1eabn \u0111\u1ec3 thao t\u00e1c \u0111\u01b0\u1ee3c chu\u1ea9n x\u00e1c v\u00e0 d\u1ec5 d\u00e0ng nh\u1eadn c\u00e1c th\u00f4ng tin t\u1eeb t\u00ednh n\u0103ng th\u00f4ng b\u00e1o c\u1ee7a \u1ee9ng d\u1ee5ng.<\/p>\n<h3 id=\"ftoc-heading-3\" class=\"ftwp-heading\">B\u01af\u1edaC 1: TRUY C\u1eacP LINK NH\u00c0 C\u00c1I<\/h3>\n<p>Kh\u00e1ch h\u00e0ng m\u1edf tr\u00ecnh duy\u1ec7t v\u00e0 t\u00ecm ki\u1ebfm nh\u00e0 c\u00e1i v\u1edbi t\u1eeb kh\u00f3a V7Bet ho\u1eb7c \u201cV7Bet.mobi\u201d c\u1ee7a ch\u00fang t\u00f4i. L\u01b0u \u00fd ch\u1ecdn \u0111\u00fang \u0111\u01b0\u1eddng link ch\u00ednh th\u1ee9c c\u1ee7a \u0111\u01a1n v\u1ecb \u0111\u1ec3 tr\u00e1nh \u0111\u01b0\u1ee3c r\u1ee7i ro l\u1eeba \u0111\u1ea3o ho\u1eb7c m\u1ea5t th\u00f4ng tin t\u1eeb c\u00e1c ngu\u1ed3n d\u1eabn l\u1ea1 hi\u1ec3n th\u1ecb tr\u00ean k\u1ebft qu\u1ea3 t\u00ecm ki\u1ebfm.\n<picture class=\"alignnone size-full wp-image-3804\"><source srcset=\"https:\/\/web.archive.org\/web\/20231129221907im_\/https:\/\/v7bet.mobi\/wp-content\/uploads\/2023\/07\/tai-app-v7bet-1_7_11zon.jpg.webp 1875w, https:\/\/web.archive.org\/web\/20231129221907im_\/https:\/\/v7bet.mobi\/wp-content\/uploads\/2023\/07\/tai-app-v7bet-1_7_11zon-768x351.jpg.webp 768w, https:\/\/web.archive.org\/web\/20231129221907im_\/https:\/\/v7bet.mobi\/wp-content\/uploads\/2023\/07\/tai-app-v7bet-1_7_11zon-1536x702.jpg.webp 1536w\" type=\"image\/webp\" sizes=\"(max-width: 1875px) 100vw, 1875px\" \/><\/picture>\n<h3 id=\"ftoc-heading-4\" class=\"ftwp-heading\">B\u01af\u1edaC 2: TH\u1ef0C HI\u1ec6N T\u1ea2I APP V7BET<\/h3>\n<p>T\u1ea3i app V7Bet b\u1eb1ng c\u00e1ch ch\u1ecdn link \u0111\u01b0\u1ee3c nh\u00e0 c\u00e1i cung c\u1ea5p v\u1edbi c\u1eadp nh\u1eadt m\u1edbi nh\u1ea5t cho 2 h\u1ec7 \u0111i\u1ec1u h\u00e0nh IOS ho\u1eb7c Android.<br \/>\n\u2022 N\u1ebfu anh em \u0111ang s\u1eed d\u1ee5ng \u0111i\u1ec7n tho\u1ea1i Iphone h\u00e3y nh\u1ea5n ch\u1ecdn m\u1ee5c t\u1ea3i v\u1ec1 cho h\u1ec7 \u0111i\u1ec1u h\u00e0nh iOS. Ti\u1ebfp t\u1ee5c v\u00e0o qu\u1ea3n l\u00fd c\u00e0i \u0111\u1eb7t thi\u1ebft b\u1ecb ch\u1ecdn \u1ee9ng d\u1ee5ng t\u1ea3i v\u1ec1 g\u1ea7n \u0111\u00e2y. X\u00e1c nh\u1eadn quy\u1ec1n \u0111\u00e1ng tin c\u1eady \u0111\u1ec3 app \u0111\u01b0\u1ee3c c\u00e0i \u0111\u1eb7t tr\u00ean \u0111i\u1ec7n tho\u1ea1i.<br \/>\n\u2022 \u0110\u1ed1i v\u1edbi ng\u01b0\u1eddi ch\u01a1i d\u00f9ng \u0111i\u1ec7n tho\u1ea1i thu\u1ed9c h\u1ec7 \u0111i\u1ec1u h\u00e0nh Android c\u0169ng ch\u1ecdn link t\u1ea3i ho\u1eb7c qu\u00e9t m\u00e3. M\u1edf t\u1ec7p APK v\u1eeba t\u1ea3i v\u1ec1 sau \u0111\u00f3 ch\u1ea5p nh\u1eadn c\u00e1c quy\u1ec1n t\u1eeb \u1ee9ng d\u1ee5ng v\u00e0 thi\u1ebft b\u1ecb t\u1ea1i nh\u1eefng c\u1eeda s\u1ed5 th\u00f4ng b\u00e1o.\n<picture class=\"alignnone size-full wp-image-3805\"><source srcset=\"https:\/\/web.archive.org\/web\/20231129221907im_\/https:\/\/v7bet.mobi\/wp-content\/uploads\/2023\/07\/tai-app-v7bet-2_8_11zon.jpg.webp 800w, https:\/\/web.archive.org\/web\/20231129221907im_\/https:\/\/v7bet.mobi\/wp-content\/uploads\/2023\/07\/tai-app-v7bet-2_8_11zon-768x384.jpg.webp 768w\" type=\"image\/webp\" sizes=\"(max-width: 800px) 100vw, 800px\" \/><\/picture>\n<h3 id=\"ftoc-heading-5\" class=\"ftwp-heading\">B\u01af\u1edaC 3: HO\u00c0N TH\u00c0NH QU\u00c1 TR\u00ccNH T\u1ea2I APP<\/h3>\n<p>T\u1ea3i app V7Bet xong xu\u00f4i b\u1ea1n c\u1ea7n ch\u1edd cho \u1ee9ng d\u1ee5ng c\u00f3 \u0111\u1ed9 ph\u1ee7 t\u01b0\u01a1ng th\u00edch tr\u00ean thi\u1ebft b\u1ecb t\u1eeb 1 \u0111\u1ebfn 2 ph\u00fat. Sau \u0111\u00f3 b\u1eaft \u0111\u1ea7u ch\u1ecdn bi\u1ec3u t\u01b0\u1ee3ng app tr\u00ean m\u00e0n h\u00ecnh \u0111\u1ec3 m\u1edf \u1ee9ng d\u1ee5ng. T\u1ea1i \u0111\u00e2y anh em b\u1eaft \u0111\u1ea7u \u0111\u0103ng nh\u1eadp t\u00e0i kho\u1ea3n \u0111\u00e3 \u0111\u0103ng k\u00fd tr\u01b0\u1edbc \u0111\u00f3 v\u00e0 kh\u00e1m ph\u00e1 nh\u1eefng t\u00ednh n\u0103ng m\u1edbi, tr\u00f2 ch\u01a1i \u0111a d\u1ea1ng ch\u1ec9 c\u00f3 tr\u00ean app V7Bet.\n<picture class=\"alignnone size-full wp-image-3806\"><source srcset=\"https:\/\/web.archive.org\/web\/20231129221907im_\/https:\/\/v7bet.mobi\/wp-content\/uploads\/2023\/07\/tai-app-v7bet-3_9_11zon.jpg.webp 1880w, https:\/\/web.archive.org\/web\/20231129221907im_\/https:\/\/v7bet.mobi\/wp-content\/uploads\/2023\/07\/tai-app-v7bet-3_9_11zon-768x375.jpg.webp 768w, https:\/\/web.archive.org\/web\/20231129221907im_\/https:\/\/v7bet.mobi\/wp-content\/uploads\/2023\/07\/tai-app-v7bet-3_9_11zon-1536x751.jpg.webp 1536w\" type=\"image\/webp\" sizes=\"(max-width: 1880px) 100vw, 1880px\" \/><\/picture>\n<h2 id=\"ftoc-heading-6\" class=\"ftwp-heading\">C\u00c1C C\u00c2U H\u1eceI TH\u01af\u1edcNG G\u1eb6P KHI T\u1ea2I APP V7BET<\/h2>\n<p>Nh\u1eefng thao t\u00e1c t\u1ea3i app V7Bet v\u1ec1 tr\u00ean \u0111i\u1ec7n tho\u1ea1i c\u1ef1c k\u1ef3 \u0111\u01a1n gi\u1ea3n v\u00e0 thu\u1eadn ti\u1ec7n. Ch\u00fang kh\u00f4ng nh\u1eefng kh\u00f4ng l\u00e0m gi\u1ea3m \u0111i ch\u1ea5t l\u01b0\u1ee3ng tr\u00f2 ch\u01a1i m\u00e0 c\u00f2n t\u0103ng kh\u00f4ng gian c\u00e1 c\u01b0\u1ee3c chuy\u00ean nghi\u1ec7p h\u01a1n. Tr\u01b0\u1edbc v\u00e0 trong qu\u00e1 tr\u00ecnh t\u1ea3i ph\u1ea7n m\u1ec1m ch\u00fang t\u00f4i ghi nh\u1eadn m\u1ed9t s\u1ed1 c\u00e2u h\u1ecfi th\u01b0\u1eddng \u0111\u01b0\u1ee3c anh em th\u1eafc m\u1eafc nh\u01b0 sau:<br \/>\n\u2022 T\u1ea3i app V7Bet c\u00f3 m\u1ea5t nhi\u1ec1u th\u1eddi gian kh\u00f4ng? Trung b\u00ecnh m\u1ed9t l\u1ea7n t\u1ea3i app ch\u1ec9 di\u1ec5n ra trong v\u00f2ng 3 ph\u00fat \u0111\u1ed3ng h\u1ed3. C\u00e1ch t\u1ea3i \u0111\u01a1n gi\u1ea3n v\u00e0 kh\u00f4ng c\u1ea7u k\u1ef3 \u0111\u00e1p \u1ee9ng nhu c\u1ea7u c\u1ee7a kh\u00e1ch h\u00e0ng.<br \/>\n\u2022 Dung l\u01b0\u1ee3ng c\u1ee7a \u1ee9ng d\u1ee5ng l\u00e0 bao nhi\u00eau? \u1ee8ng d\u1ee5ng nh\u1ecf g\u1ecdn c\u00f3 dung l\u01b0\u1ee3ng ch\u01b0a \u0111\u1ebfn 34.5MB. Anh em n\u00ean \u0111\u1ec3 tr\u1ed1ng b\u1ed9 nh\u1edb trong m\u00e1y t\u1ed1i thi\u1ec3u t\u1eeb 35.5MB \u0111\u1ec3 app \u0111\u01b0\u1ee3c t\u1ea3i xu\u1ed1ng t\u1ed1t nh\u1ea5t nh\u00e9.<br \/>\n\u2022 Khi x\u00f3a app c\u00f3 b\u1ecb m\u1ea5t t\u00e0i kho\u1ea3n kh\u00f4ng? T\u00e0i kho\u1ea3n c\u1ee7a kh\u00e1ch h\u00e0ng s\u1ebd kh\u00f4ng b\u1ecb m\u1ea5t \u0111i n\u1ebfu b\u1ea1n kh\u00f4ng x\u00f3a t\u00e0i kho\u1ea3n. Vi\u1ec7c t\u1ea3i app hay x\u00f3a app kh\u00f4ng \u1ea3nh h\u01b0\u1edfng \u0111\u1ebfn \u0111i\u1ec1u n\u00e0y. B\u1ea1n v\u1eabn c\u00f3 th\u1ec3 ch\u01a1i c\u1ea3 \u1edf phi\u00ean b\u1ea3n web v\u00e0 app t\u00f9y theo nhu c\u1ea7u c\u1ee7a m\u00ecnh.<br \/>\nTr\u00ean \u0111\u00e2y l\u00e0 c\u00e1ch t\u1ea3i app V7Bet nhanh ch\u00f3ng cho \u0111i\u1ec7n tho\u1ea1i th\u00f4ng minh c\u1ee7a kh\u00e1ch h\u00e0ng. \u0110\u1ec3 tr\u1ea3i nghi\u1ec7m \u0111\u01b0\u1ee3c t\u1ed1t nh\u1ea5t b\u1ea1n n\u00ean d\u00f9ng d\u00f2ng m\u00e1y \u0111\u1eddi m\u1edbi c\u00f3 c\u1ea5u h\u00ecnh cao \u0111\u1ec3 thao t\u00e1c \u0111\u01b0\u1ee3c m\u01b0\u1ee3t m\u00e0 v\u00e0 kh\u00f4ng b\u1ecb gi\u1eadt lag khi s\u1eed d\u1ee5ng. Li\u00ean h\u1ec7 v\u1edbi ch\u00fang t\u00f4i n\u1ebfu nh\u01b0 \u0111\u01b0\u1eddng link kh\u00f4ng truy c\u1eadp \u0111\u01b0\u1ee3c.<\/p>\n","protected":false},"excerpt":{"rendered":"<p>T\u1ea2I APP V7BET D\u00c0NH CHO IOS V\u00c0 ANDROID Ng\u01b0\u1eddi ch\u01a1i kh\u00e1m ph\u00e1 \u0111a d\u1ea1ng h\u01a1n khi ti\u1ebfn h\u00e0nh t\u1ea3i app V7Bet xu\u1ed1ng cho \u0111i\u1ec7n tho\u1ea1i th\u00f4ng minh c\u1ee7a m\u00ecnh. \u1ee8ng d\u1ee5ng l\u00e0 m\u1ed9t phi\u00ean b\u1ea3n t\u00e1i t\u1ea1o kh\u00f4ng gian \u0111\u1eb7t c\u01b0\u1ee3c chuy\u00ean nghi\u1ec7p v\u00e0 h\u1ea5p d\u1eabn thu\u1eadn ti\u1ec7n h\u01a1n cho kh\u00e1ch h\u00e0ng. H\u00e3y b\u1eaft \u0111\u1ea7u [&#8230;]\n","protected":false},"author":1,"featured_media":0,"parent":0,"menu_order":0,"comment_status":"closed","ping_status":"closed","template":"","meta":{"footnotes":""},"class_list":["post-49","page","type-page","status-publish","hentry"],"rankMath":{"parentDomain":"v7bet.mobi","noFollowDomains":[],"noFollowExcludeDomains":[],"noFollowExternalLinks":false,"featuredImageNotice":"H\u00ecnh \u1ea3nh n\u1ed5i b\u1eadt n\u00ean c\u00f3 k\u00edch th\u01b0\u1edbc \u00edt nh\u1ea5t 200 x 200 pixel \u0111\u1ec3 \u0111\u01b0\u1ee3c Facebook v\u00e0 c\u00e1c trang m\u1ea1ng x\u00e3 h\u1ed9i kh\u00e1c ch\u1ecdn.","pluginReviewed":false,"postSettings":{"linkSuggestions":true,"useFocusKeyword":false},"frontEndScore":false,"postName":"tai-app-v7bet","permalinkFormat":"https:\/\/v7bet.mobi\/index.php\/%pagename%\/","showLockModifiedDate":true,"assessor":{"focusKeywordLink":"https:\/\/v7bet.mobi\/wp-admin\/edit.php?focus_keyword=%focus_keyword%&post_type=%post_type%","hasTOCPlugin":false,"primaryTaxonomy":false,"serpData":{"title":"T\u1ea2I APP V7BET D\u00c0NH CHO IOS V\u00c0 ANDROID","description":"","focusKeywords":"T\u1ea2I APP V7BET","pillarContent":false,"canonicalUrl":"","breadcrumbTitle":"","advancedRobots":[],"facebookTitle":"","facebookDescription":"","facebookImage":"","facebookImageID":"","facebookHasOverlay":false,"facebookImageOverlay":"","facebookAuthor":"","twitterCardType":"","twitterUseFacebook":true,"twitterTitle":"","twitterDescription":"","twitterImage":"","twitterImageID":"","twitterHasOverlay":false,"twitterImageOverlay":"","twitterPlayerUrl":"","twitterPlayerSize":"","twitterPlayerStream":"","twitterPlayerStreamCtype":"","twitterAppDescription":"","twitterAppIphoneName":"","twitterAppIphoneID":"","twitterAppIphoneUrl":"","twitterAppIpadName":"","twitterAppIpadID":"","twitterAppIpadUrl":"","twitterAppGoogleplayName":"","twitterAppGoogleplayID":"","twitterAppGoogleplayUrl":"","twitterAppCountry":"","robots":{"index":true},"twitterAuthor":"t\u00ean ng\u01b0\u1eddi d\u00f9ng","primaryTerm":0,"authorName":"admin","titleTemplate":"%title% %sep% %sitename%","descriptionTemplate":"%excerpt%","showScoreFrontend":true,"lockModifiedDate":false},"powerWords":[],"diacritics":{"A":"[\\u0041\\u24B6\\uFF21\\u00C0\\u00C1\\u00C2\\u1EA6\\u1EA4\\u1EAA\\u1EA8\\u00C3\\u0100\\u0102\\u1EB0\\u1EAE\\u1EB4\\u1EB2\\u0226\\u01E0\\u00C4\\u01DE\\u1EA2\\u00C5\\u01FA\\u01CD\\u0200\\u0202\\u1EA0\\u1EAC\\u1EB6\\u1E00\\u0104\\u023A\\u2C6F]","AA":"[\\uA732]","AE":"[\\u00C6\\u01FC\\u01E2]","AO":"[\\uA734]","AU":"[\\uA736]","AV":"[\\uA738\\uA73A]","AY":"[\\uA73C]","B":"[\\u0042\\u24B7\\uFF22\\u1E02\\u1E04\\u1E06\\u0243\\u0182\\u0181]","C":"[\\u0043\\u24B8\\uFF23\\u0106\\u0108\\u010A\\u010C\\u00C7\\u1E08\\u0187\\u023B\\uA73E]","D":"[\\u0044\\u24B9\\uFF24\\u1E0A\\u010E\\u1E0C\\u1E10\\u1E12\\u1E0E\\u0110\\u018B\\u018A\\u0189\\uA779]","DZ":"[\\u01F1\\u01C4]","Dz":"[\\u01F2\\u01C5]","E":"[\\u0045\\u24BA\\uFF25\\u00C8\\u00C9\\u00CA\\u1EC0\\u1EBE\\u1EC4\\u1EC2\\u1EBC\\u0112\\u1E14\\u1E16\\u0114\\u0116\\u00CB\\u1EBA\\u011A\\u0204\\u0206\\u1EB8\\u1EC6\\u0228\\u1E1C\\u0118\\u1E18\\u1E1A\\u0190\\u018E]","F":"[\\u0046\\u24BB\\uFF26\\u1E1E\\u0191\\uA77B]","G":"[\\u0047\\u24BC\\uFF27\\u01F4\\u011C\\u1E20\\u011E\\u0120\\u01E6\\u0122\\u01E4\\u0193\\uA7A0\\uA77D\\uA77E]","H":"[\\u0048\\u24BD\\uFF28\\u0124\\u1E22\\u1E26\\u021E\\u1E24\\u1E28\\u1E2A\\u0126\\u2C67\\u2C75\\uA78D]","I":"[\\u0049\\u24BE\\uFF29\\u00CC\\u00CD\\u00CE\\u0128\\u012A\\u012C\\u0130\\u00CF\\u1E2E\\u1EC8\\u01CF\\u0208\\u020A\\u1ECA\\u012E\\u1E2C\\u0197]","J":"[\\u004A\\u24BF\\uFF2A\\u0134\\u0248]","K":"[\\u004B\\u24C0\\uFF2B\\u1E30\\u01E8\\u1E32\\u0136\\u1E34\\u0198\\u2C69\\uA740\\uA742\\uA744\\uA7A2]","L":"[\\u004C\\u24C1\\uFF2C\\u013F\\u0139\\u013D\\u1E36\\u1E38\\u013B\\u1E3C\\u1E3A\\u0141\\u023D\\u2C62\\u2C60\\uA748\\uA746\\uA780]","LJ":"[\\u01C7]","Lj":"[\\u01C8]","M":"[\\u004D\\u24C2\\uFF2D\\u1E3E\\u1E40\\u1E42\\u2C6E\\u019C]","N":"[\\u004E\\u24C3\\uFF2E\\u01F8\\u0143\\u00D1\\u1E44\\u0147\\u1E46\\u0145\\u1E4A\\u1E48\\u0220\\u019D\\uA790\\uA7A4]","NJ":"[\\u01CA]","Nj":"[\\u01CB]","O":"[\\u004F\\u24C4\\uFF2F\\u00D2\\u00D3\\u00D4\\u1ED2\\u1ED0\\u1ED6\\u1ED4\\u00D5\\u1E4C\\u022C\\u1E4E\\u014C\\u1E50\\u1E52\\u014E\\u022E\\u0230\\u00D6\\u022A\\u1ECE\\u0150\\u01D1\\u020C\\u020E\\u01A0\\u1EDC\\u1EDA\\u1EE0\\u1EDE\\u1EE2\\u1ECC\\u1ED8\\u01EA\\u01EC\\u00D8\\u01FE\\u0186\\u019F\\uA74A\\uA74C]","OI":"[\\u01A2]","OO":"[\\uA74E]","OU":"[\\u0222]","P":"[\\u0050\\u24C5\\uFF30\\u1E54\\u1E56\\u01A4\\u2C63\\uA750\\uA752\\uA754]","Q":"[\\u0051\\u24C6\\uFF31\\uA756\\uA758\\u024A]","R":"[\\u0052\\u24C7\\uFF32\\u0154\\u1E58\\u0158\\u0210\\u0212\\u1E5A\\u1E5C\\u0156\\u1E5E\\u024C\\u2C64\\uA75A\\uA7A6\\uA782]","S":"[\\u0053\\u24C8\\uFF33\\u1E9E\\u015A\\u1E64\\u015C\\u1E60\\u0160\\u1E66\\u1E62\\u1E68\\u0218\\u015E\\u2C7E\\uA7A8\\uA784]","T":"[\\u0054\\u24C9\\uFF34\\u1E6A\\u0164\\u1E6C\\u021A\\u0162\\u1E70\\u1E6E\\u0166\\u01AC\\u01AE\\u023E\\uA786]","TZ":"[\\uA728]","U":"[\\u0055\\u24CA\\uFF35\\u00D9\\u00DA\\u00DB\\u0168\\u1E78\\u016A\\u1E7A\\u016C\\u00DC\\u01DB\\u01D7\\u01D5\\u01D9\\u1EE6\\u016E\\u0170\\u01D3\\u0214\\u0216\\u01AF\\u1EEA\\u1EE8\\u1EEE\\u1EEC\\u1EF0\\u1EE4\\u1E72\\u0172\\u1E76\\u1E74\\u0244]","V":"[\\u0056\\u24CB\\uFF36\\u1E7C\\u1E7E\\u01B2\\uA75E\\u0245]","VY":"[\\uA760]","W":"[\\u0057\\u24CC\\uFF37\\u1E80\\u1E82\\u0174\\u1E86\\u1E84\\u1E88\\u2C72]","X":"[\\u0058\\u24CD\\uFF38\\u1E8A\\u1E8C]","Y":"[\\u0059\\u24CE\\uFF39\\u1EF2\\u00DD\\u0176\\u1EF8\\u0232\\u1E8E\\u0178\\u1EF6\\u1EF4\\u01B3\\u024E\\u1EFE]","Z":"[\\u005A\\u24CF\\uFF3A\\u0179\\u1E90\\u017B\\u017D\\u1E92\\u1E94\\u01B5\\u0224\\u2C7F\\u2C6B\\uA762]","a":"[\\u0061\\u24D0\\uFF41\\u1E9A\\u00E0\\u00E1\\u00E2\\u1EA7\\u1EA5\\u1EAB\\u1EA9\\u00E3\\u0101\\u0103\\u1EB1\\u1EAF\\u1EB5\\u1EB3\\u0227\\u01E1\\u00E4\\u01DF\\u1EA3\\u00E5\\u01FB\\u01CE\\u0201\\u0203\\u1EA1\\u1EAD\\u1EB7\\u1E01\\u0105\\u2C65\\u0250]","aa":"[\\uA733]","ae":"[\\u00E6\\u01FD\\u01E3]","ao":"[\\uA735]","au":"[\\uA737]","av":"[\\uA739\\uA73B]","ay":"[\\uA73D]","b":"[\\u0062\\u24D1\\uFF42\\u1E03\\u1E05\\u1E07\\u0180\\u0183\\u0253]","c":"[\\u0063\\u24D2\\uFF43\\u0107\\u0109\\u010B\\u010D\\u00E7\\u1E09\\u0188\\u023C\\uA73F\\u2184]","d":"[\\u0064\\u24D3\\uFF44\\u1E0B\\u010F\\u1E0D\\u1E11\\u1E13\\u1E0F\\u0111\\u018C\\u0256\\u0257\\uA77A]","dz":"[\\u01F3\\u01C6]","e":"[\\u0065\\u24D4\\uFF45\\u00E8\\u00E9\\u00EA\\u1EC1\\u1EBF\\u1EC5\\u1EC3\\u1EBD\\u0113\\u1E15\\u1E17\\u0115\\u0117\\u00EB\\u1EBB\\u011B\\u0205\\u0207\\u1EB9\\u1EC7\\u0229\\u1E1D\\u0119\\u1E19\\u1E1B\\u0247\\u025B\\u01DD]","f":"[\\u0066\\u24D5\\uFF46\\u1E1F\\u0192\\uA77C]","g":"[\\u0067\\u24D6\\uFF47\\u01F5\\u011D\\u1E21\\u011F\\u0121\\u01E7\\u0123\\u01E5\\u0260\\uA7A1\\u1D79\\uA77F]","h":"[\\u0068\\u24D7\\uFF48\\u0125\\u1E23\\u1E27\\u021F\\u1E25\\u1E29\\u1E2B\\u1E96\\u0127\\u2C68\\u2C76\\u0265]","hv":"[\\u0195]","i":"[\\u0069\\u24D8\\uFF49\\u00EC\\u00ED\\u00EE\\u0129\\u012B\\u012D\\u00EF\\u1E2F\\u1EC9\\u01D0\\u0209\\u020B\\u1ECB\\u012F\\u1E2D\\u0268\\u0131]","j":"[\\u006A\\u24D9\\uFF4A\\u0135\\u01F0\\u0249]","k":"[\\u006B\\u24DA\\uFF4B\\u1E31\\u01E9\\u1E33\\u0137\\u1E35\\u0199\\u2C6A\\uA741\\uA743\\uA745\\uA7A3]","l":"[\\u006C\\u24DB\\uFF4C\\u0140\\u013A\\u013E\\u1E37\\u1E39\\u013C\\u1E3D\\u1E3B\\u017F\\u0142\\u019A\\u026B\\u2C61\\uA749\\uA781\\uA747]","lj":"[\\u01C9]","m":"[\\u006D\\u24DC\\uFF4D\\u1E3F\\u1E41\\u1E43\\u0271\\u026F]","n":"[\\u006E\\u24DD\\uFF4E\\u01F9\\u0144\\u00F1\\u1E45\\u0148\\u1E47\\u0146\\u1E4B\\u1E49\\u019E\\u0272\\u0149\\uA791\\uA7A5]","nj":"[\\u01CC]","o":"[\\u006F\\u24DE\\uFF4F\\u00F2\\u00F3\\u00F4\\u1ED3\\u1ED1\\u1ED7\\u1ED5\\u00F5\\u1E4D\\u022D\\u1E4F\\u014D\\u1E51\\u1E53\\u014F\\u022F\\u0231\\u00F6\\u022B\\u1ECF\\u0151\\u01D2\\u020D\\u020F\\u01A1\\u1EDD\\u1EDB\\u1EE1\\u1EDF\\u1EE3\\u1ECD\\u1ED9\\u01EB\\u01ED\\u00F8\\u01FF\\u0254\\uA74B\\uA74D\\u0275]","oi":"[\\u01A3]","ou":"[\\u0223]","oo":"[\\uA74F]","p":"[\\u0070\\u24DF\\uFF50\\u1E55\\u1E57\\u01A5\\u1D7D\\uA751\\uA753\\uA755]","q":"[\\u0071\\u24E0\\uFF51\\u024B\\uA757\\uA759]","r":"[\\u0072\\u24E1\\uFF52\\u0155\\u1E59\\u0159\\u0211\\u0213\\u1E5B\\u1E5D\\u0157\\u1E5F\\u024D\\u027D\\uA75B\\uA7A7\\uA783]","s":"[\\u0073\\u24E2\\uFF53\\u015B\\u1E65\\u015D\\u1E61\\u0161\\u1E67\\u1E63\\u1E69\\u0219\\u015F\\u023F\\uA7A9\\uA785\\u1E9B]","ss":"[\\u00DF]","t":"[\\u0074\\u24E3\\uFF54\\u1E6B\\u1E97\\u0165\\u1E6D\\u021B\\u0163\\u1E71\\u1E6F\\u0167\\u01AD\\u0288\\u2C66\\uA787]","tz":"[\\uA729]","u":"[\\u0075\\u24E4\\uFF55\\u00F9\\u00FA\\u00FB\\u0169\\u1E79\\u016B\\u1E7B\\u016D\\u00FC\\u01DC\\u01D8\\u01D6\\u01DA\\u1EE7\\u016F\\u0171\\u01D4\\u0215\\u0217\\u01B0\\u1EEB\\u1EE9\\u1EEF\\u1EED\\u1EF1\\u1EE5\\u1E73\\u0173\\u1E77\\u1E75\\u0289]","v":"[\\u0076\\u24E5\\uFF56\\u1E7D\\u1E7F\\u028B\\uA75F\\u028C]","vy":"[\\uA761]","w":"[\\u0077\\u24E6\\uFF57\\u1E81\\u1E83\\u0175\\u1E87\\u1E85\\u1E98\\u1E89\\u2C73]","x":"[\\u0078\\u24E7\\uFF58\\u1E8B\\u1E8D]","y":"[\\u0079\\u24E8\\uFF59\\u1EF3\\u00FD\\u0177\\u1EF9\\u0233\\u1E8F\\u00FF\\u1EF7\\u1E99\\u1EF5\\u01B4\\u024F\\u1EFF]","z":"[\\u007A\\u24E9\\uFF5A\\u017A\\u1E91\\u017C\\u017E\\u1E93\\u1E95\\u01B6\\u0225\\u0240\\u2C6C\\uA763]"},"researchesTests":["contentHasTOC","contentHasShortParagraphs","contentHasAssets","keywordInTitle","keywordInMetaDescription","keywordInPermalink","keywordIn10Percent","keywordInContent","keywordInSubheadings","keywordInImageAlt","keywordDensity","keywordNotUsed","lengthContent","lengthPermalink","linksHasInternal","linksHasExternals","linksNotAllExternals","titleStartWithKeyword","titleSentiment","titleHasPowerWords","titleHasNumber","hasContentAI"],"hasRedirection":true,"hasBreadcrumb":false},"homeUrl":"https:\/\/v7bet.mobi","objectID":49,"objectType":"post","locale":"vi","localeFull":"vi","overlayImages":{"play":{"name":"Bi\u1ec3u t\u01b0\u1ee3ng ph\u00e1t","url":"https:\/\/v7bet.mobi\/wp-content\/plugins\/seo-by-rank-math\/assets\/admin\/img\/icon-play.png","path":"\/www\/wwwroot\/v7bet_mobi\/wp-content\/plugins\/seo-by-rank-math\/assets\/admin\/img\/icon-play.png","position":"middle_center"},"gif":{"name":"Bi\u1ec3u t\u01b0\u1ee3ng GIF","url":"https:\/\/v7bet.mobi\/wp-content\/plugins\/seo-by-rank-math\/assets\/admin\/img\/icon-gif.png","path":"\/www\/wwwroot\/v7bet_mobi\/wp-content\/plugins\/seo-by-rank-math\/assets\/admin\/img\/icon-gif.png","position":"middle_center"}},"defautOgImage":"https:\/\/v7bet.mobi\/wp-content\/plugins\/seo-by-rank-math\/assets\/admin\/img\/social-placeholder.jpg","customPermalinks":true,"isUserRegistered":false,"autoSuggestKeywords":false,"connectSiteUrl":"https:\/\/rankmath.com\/auth?site=https%3A%2F%2Fv7bet.mobi&r=https%3A%2F%2Fv7bet.mobi%2Findex.php%2Fwp-json%2Fwp%2Fv2%2Fpages%2F49%3Fnonce%3D937ea89d26&pro=1","maxTags":100,"trendsIcon":"<svg width=\"100%\" height=\"100%\" viewBox=\"0 0 36 36\" version=\"1.1\" xmlns=\"http:\/\/www.w3.org\/2000\/svg\" xmlns:xlink=\"http:\/\/www.w3.org\/1999\/xlink\" fit=\"\" preserveAspectRatio=\"xMidYMid meet\" focusable=\"false\">\n\t\t<g id=\"Page-1\" stroke=\"none\" stroke-width=\"1\" fill=\"none\" fill-rule=\"evenodd\">\n\t\t\t<g id=\"Trends-Arrow\">\n\t\t\t\t<g id=\"TrendsArrow\">\n\t\t\t\t\t<path d=\"M1.11227159,26.3181534 L10.2875029,17.1429221 L13.7152617,20.5706809 L4.5400304,29.7459122 C4.20518633,30.0807563 3.66229681,30.0807562 3.32745277,29.7459122 L1.11136262,27.529822 C0.776518575,27.194978 0.776518548,26.6520885 1.11136262,26.3172444 L1.11227159,26.3181534 Z\" id=\"Shape\" fill=\"#4285F4\" fill-rule=\"nonzero\"><\/path>\n\t\t\t\t\t<path d=\"M14.3201543,14.3211528 L22.283717,22.2847155 L19.4658829,25.1025495 C19.1310388,25.4373936 18.5881494,25.4373937 18.2533053,25.1025495 L10.2906516,17.1398959 L13.1084857,14.3220618 C13.4429747,13.987572 13.9851638,13.9871653 14.3201543,14.3211528 Z\" id=\"Shape\" fill=\"#EA4335\" fill-rule=\"nonzero\"><\/path>\n\t\t\t\t\t<polygon id=\"Rectangle-path\" fill=\"#FABB05\" fill-rule=\"nonzero\" points=\"18.8573051 18.8577571 28.2843236 9.43073862 31.7120824 12.8584974 22.2850639 22.2855159\"><\/polygon>\n\t\t\t\t\t<path d=\"M35.0711567,15.5054713 L35.0711567,7 L35.0711567,7 C35.0711567,6.44771525 34.6234415,6 34.0711567,6 L25.5656854,6 L25.5656854,6 C25.0134007,6 24.5656854,6.44771525 24.5656854,7 C24.5656854,7.26521649 24.6710423,7.5195704 24.8585786,7.70710678 L33.3640499,16.2125781 L33.3640499,16.2125781 C33.7545742,16.6031024 34.3877392,16.6031024 34.7782635,16.2125781 C34.9657999,16.0250417 35.0711567,15.7706878 35.0711567,15.5054713 Z\" id=\"Shape\" fill=\"#34A853\" fill-rule=\"nonzero\"><\/path>\n\t\t\t\t\t<rect id=\"Rectangle-path\" x=\"0\" y=\"0\" width=\"36\" height=\"36\"><\/rect>\n\t\t\t\t<\/g>\n\t\t\t<\/g>\n\t\t<\/g>\n\t<\/svg>","showScore":true,"siteFavIcon":"https:\/\/v7bet.mobi\/wp-content\/uploads\/2025\/01\/cropped-v7-32x32.png","canUser":{"general":false,"advanced":false,"snippet":false,"social":false,"analysis":false,"analytics":false,"content_ai":false},"isPro":true,"is_front_page":false,"trendsUpgradeLink":"https:\/\/v7bet.mobi\/wp-admin\/admin.php?page=rank-math&view=help","trendsUpgradeLabel":"Activate now","trendsPreviewImage":"https:\/\/v7bet.mobi\/wp-content\/plugins\/seo-by-rank-math\/assets\/admin\/img\/trends-preview.jpg","currentEditor":false,"homepageData":{"assessor":{"powerWords":[],"diacritics":true,"researchesTests":["contentHasTOC","contentHasShortParagraphs","contentHasAssets","keywordInTitle","keywordInMetaDescription","keywordInPermalink","keywordIn10Percent","keywordInContent","keywordInSubheadings","keywordInImageAlt","keywordDensity","keywordNotUsed","lengthContent","lengthPermalink","linksHasInternal","linksHasExternals","linksNotAllExternals","titleStartWithKeyword","titleSentiment","titleHasPowerWords","titleHasNumber","hasContentAI"],"hasBreadcrumb":false,"serpData":{"title":"%sitename% %page% %sep% %sitedesc%","description":"","titleTemplate":"%sitename% %page% %sep% %sitedesc%","descriptionTemplate":"","focusKeywords":"","breadcrumbTitle":"Home","robots":{"index":true},"advancedRobots":[],"facebookTitle":"","facebookDescription":"","facebookImage":"","facebookImageID":""}}},"tocTitle":"Table of Contents","tocExcludeHeadings":[],"listStyle":"ul"},"_links":{"self":[{"href":"https:\/\/v7bet.mobi\/index.php\/wp-json\/wp\/v2\/pages\/49","targetHints":{"allow":["GET"]}}],"collection":[{"href":"https:\/\/v7bet.mobi\/index.php\/wp-json\/wp\/v2\/pages"}],"about":[{"href":"https:\/\/v7bet.mobi\/index.php\/wp-json\/wp\/v2\/types\/page"}],"author":[{"embeddable":true,"href":"https:\/\/v7bet.mobi\/index.php\/wp-json\/wp\/v2\/users\/1"}],"replies":[{"embeddable":true,"href":"https:\/\/v7bet.mobi\/index.php\/wp-json\/wp\/v2\/comments?post=49"}],"version-history":[{"count":3,"href":"https:\/\/v7bet.mobi\/index.php\/wp-json\/wp\/v2\/pages\/49\/revisions"}],"predecessor-version":[{"id":218,"href":"https:\/\/v7bet.mobi\/index.php\/wp-json\/wp\/v2\/pages\/49\/revisions\/218"}],"wp:attachment":[{"href":"https:\/\/v7bet.mobi\/index.php\/wp-json\/wp\/v2\/media?parent=49"}],"curies":[{"name":"wp","href":"https:\/\/api.w.org\/{rel}","templated":true}]}}